{"id":8803,"date":"2025-02-24T13:24:04","date_gmt":"2025-02-24T12:24:04","guid":{"rendered":"https:\/\/www.agencija-lars.si\/trgovina\/?post_type=product&#038;p=8803"},"modified":"2025-02-24T13:33:08","modified_gmt":"2025-02-24T12:33:08","slug":"zgaga-vsakic-zmaga","status":"publish","type":"product","link":"https:\/\/www.agencija-lars.si\/trgovina\/izdelek\/zgaga-vsakic-zmaga\/","title":{"rendered":"Zgaga vsaki\u010d zmaga"},"content":{"rendered":"<p>Ob 10. obletnici izdaje smo se odlo\u010dili za ponatis knji\u017eice Zgaga vsaki\u010d zmaga.<\/p>\n<p>Na 88-ih straneh si preberite zapise, ki so nastali od vsega za\u010detka pisanja na zgaga.me, ter bloge, ki so nastali v sklopu Projekta 31.<\/p>\n<p>Ker prve izdaje ni bilo mogo\u010de kupiti, smo s ponatisom omogo\u010dili prav to. Da jo lahko dobi vsak, ki si jo \u017eeli imeti.<\/p>\n<p>Zgaga je zabavna in iskriva, pred resnico se ne skriva.<\/p>\n<p>Ob prvotni izdaji je iz\u0161el ta \u010dlanek v Primorskih novicah<\/p>\n<p><a href=\"https:\/\/primorske.svet24.si\/novice\/kultura\/vsak-je-svoje-srece-programer\">https:\/\/primorske.svet24.si\/novice\/kultura\/vsak-je-svoje-srece-programer<\/a><\/p>\n<p>&nbsp;<\/p>\n","protected":false},"excerpt":{"rendered":"<p>Ponatisnili smo knji\u017eico Zgaga vsaki\u010d zmaga.<\/p>\n<p>To je knji\u017eica, ki jo boste morda po nakupu \u017eeleli imeti na va\u0161i no\u010dni omarici, saj jo boste \u017eeleli prebrati ve\u010dkrat.<\/p>\n<p>Lahko kar celo, lahko samo zapis, ki vam bo sedel v srce.<\/p>\n<p>&nbsp;<\/p>\n","protected":false},"featured_media":8804,"template":"","meta":[],"product_brand":[],"product_cat":[87],"product_tag":[104,105,106,81],"class_list":{"0":"post-8803","1":"product","2":"type-product","3":"status-publish","4":"has-post-thumbnail","6":"product_cat-igrisce","7":"product_tag-blog","8":"product_tag-knjizica","9":"product_tag-resnica","10":"product_tag-zgaga","12":"first","13":"instock","14":"taxable","15":"shipping-taxable","16":"purchasable","17":"product-type-simple"},"yoast_head":"<!-- This site is optimized with the Yoast SEO plugin v26.1.1 - https:\/\/yoast.com\/wordpress\/plugins\/seo\/ -->\n<title>Zgaga vsaki\u010d zmaga | Agencija LARS<\/title>\n<meta name=\"description\" content=\"Na voljo je ponatis knji\u017eice Zgaga vsaki\u010d zmaga. Zgaga je zabavna in iskriva, pred resnico se ne skriva.\" \/>\n<meta name=\"robots\" content=\"index, follow, max-snippet:-1, max-image-preview:large, max-video-preview:-1\" \/>\n<link rel=\"canonical\" href=\"https:\/\/www.agencija-lars.si\/trgovina\/izdelek\/zgaga-vsakic-zmaga\/\" \/>\n<meta property=\"og:locale\" content=\"sl_SI\" \/>\n<meta property=\"og:type\" content=\"article\" \/>\n<meta property=\"og:title\" content=\"Zgaga vsaki\u010d zmaga | Agencija LARS\" \/>\n<meta property=\"og:description\" content=\"Na voljo je ponatis knji\u017eice Zgaga vsaki\u010d zmaga. Zgaga je zabavna in iskriva, pred resnico se ne skriva.\" \/>\n<meta property=\"og:url\" content=\"https:\/\/www.agencija-lars.si\/trgovina\/izdelek\/zgaga-vsakic-zmaga\/\" \/>\n<meta property=\"og:site_name\" content=\"Agencija LARS\" \/>\n<meta property=\"article:modified_time\" content=\"2025-02-24T12:33:08+00:00\" \/>\n<meta property=\"og:image\" content=\"https:\/\/www.agencija-lars.si\/trgovina\/wp-content\/uploads\/2025\/02\/naslovnicazgagavsakiczmagaponatis.png\" \/>\n\t<meta property=\"og:image:width\" content=\"758\" \/>\n\t<meta property=\"og:image:height\" content=\"758\" \/>\n\t<meta property=\"og:image:type\" content=\"image\/png\" \/>\n<meta name=\"twitter:card\" content=\"summary_large_image\" \/>\n<meta name=\"twitter:label1\" content=\"Est. reading time\" \/>\n\t<meta name=\"twitter:data1\" content=\"1 minuta\" \/>\n<script type=\"application\/ld+json\" class=\"yoast-schema-graph\">{\"@context\":\"https:\/\/schema.org\",\"@graph\":[{\"@type\":\"WebPage\",\"@id\":\"https:\/\/www.agencija-lars.si\/trgovina\/izdelek\/zgaga-vsakic-zmaga\/\",\"url\":\"https:\/\/www.agencija-lars.si\/trgovina\/izdelek\/zgaga-vsakic-zmaga\/\",\"name\":\"Zgaga vsaki\u010d zmaga | Agencija LARS\",\"isPartOf\":{\"@id\":\"https:\/\/www.agencija-lars.si\/trgovina\/#website\"},\"primaryImageOfPage\":{\"@id\":\"https:\/\/www.agencija-lars.si\/trgovina\/izdelek\/zgaga-vsakic-zmaga\/#primaryimage\"},\"image\":{\"@id\":\"https:\/\/www.agencija-lars.si\/trgovina\/izdelek\/zgaga-vsakic-zmaga\/#primaryimage\"},\"thumbnailUrl\":\"https:\/\/www.agencija-lars.si\/trgovina\/wp-content\/uploads\/2025\/02\/naslovnicazgagavsakiczmagaponatis.png\",\"datePublished\":\"2025-02-24T12:24:04+00:00\",\"dateModified\":\"2025-02-24T12:33:08+00:00\",\"description\":\"Na voljo je ponatis knji\u017eice Zgaga vsaki\u010d zmaga. Zgaga je zabavna in iskriva, pred resnico se ne skriva.\",\"breadcrumb\":{\"@id\":\"https:\/\/www.agencija-lars.si\/trgovina\/izdelek\/zgaga-vsakic-zmaga\/#breadcrumb\"},\"inLanguage\":\"sl-SI\",\"potentialAction\":[{\"@type\":\"ReadAction\",\"target\":[\"https:\/\/www.agencija-lars.si\/trgovina\/izdelek\/zgaga-vsakic-zmaga\/\"]}]},{\"@type\":\"ImageObject\",\"inLanguage\":\"sl-SI\",\"@id\":\"https:\/\/www.agencija-lars.si\/trgovina\/izdelek\/zgaga-vsakic-zmaga\/#primaryimage\",\"url\":\"https:\/\/www.agencija-lars.si\/trgovina\/wp-content\/uploads\/2025\/02\/naslovnicazgagavsakiczmagaponatis.png\",\"contentUrl\":\"https:\/\/www.agencija-lars.si\/trgovina\/wp-content\/uploads\/2025\/02\/naslovnicazgagavsakiczmagaponatis.png\",\"width\":758,\"height\":758},{\"@type\":\"BreadcrumbList\",\"@id\":\"https:\/\/www.agencija-lars.si\/trgovina\/izdelek\/zgaga-vsakic-zmaga\/#breadcrumb\",\"itemListElement\":[{\"@type\":\"ListItem\",\"position\":1,\"name\":\"Domov\",\"item\":\"https:\/\/www.agencija-lars.si\/trgovina\/\"},{\"@type\":\"ListItem\",\"position\":2,\"name\":\"Trgovina\",\"item\":\"https:\/\/www.agencija-lars.si\/trgovina\/\"},{\"@type\":\"ListItem\",\"position\":3,\"name\":\"Zgaga vsaki\u010d zmaga\"}]},{\"@type\":\"WebSite\",\"@id\":\"https:\/\/www.agencija-lars.si\/trgovina\/#website\",\"url\":\"https:\/\/www.agencija-lars.si\/trgovina\/\",\"name\":\"Agencija LARS\",\"description\":\"\",\"publisher\":{\"@id\":\"https:\/\/www.agencija-lars.si\/trgovina\/#organization\"},\"potentialAction\":[{\"@type\":\"SearchAction\",\"target\":{\"@type\":\"EntryPoint\",\"urlTemplate\":\"https:\/\/www.agencija-lars.si\/trgovina\/?s={search_term_string}\"},\"query-input\":{\"@type\":\"PropertyValueSpecification\",\"valueRequired\":true,\"valueName\":\"search_term_string\"}}],\"inLanguage\":\"sl-SI\"},{\"@type\":\"Organization\",\"@id\":\"https:\/\/www.agencija-lars.si\/trgovina\/#organization\",\"name\":\"Agencija LARS\",\"url\":\"https:\/\/www.agencija-lars.si\/trgovina\/\",\"logo\":{\"@type\":\"ImageObject\",\"inLanguage\":\"sl-SI\",\"@id\":\"https:\/\/www.agencija-lars.si\/trgovina\/#\/schema\/logo\/image\/\",\"url\":\"https:\/\/www.agencija-lars.si\/trgovina\/wp-content\/uploads\/2021\/11\/logoagencija2021.jpg\",\"contentUrl\":\"https:\/\/www.agencija-lars.si\/trgovina\/wp-content\/uploads\/2021\/11\/logoagencija2021.jpg\",\"width\":430,\"height\":117,\"caption\":\"Agencija LARS\"},\"image\":{\"@id\":\"https:\/\/www.agencija-lars.si\/trgovina\/#\/schema\/logo\/image\/\"}}]}<\/script>\n<!-- \/ Yoast SEO plugin. -->","yoast_head_json":{"title":"Zgaga vsaki\u010d zmaga | Agencija LARS","description":"Na voljo je ponatis knji\u017eice Zgaga vsaki\u010d zmaga. Zgaga je zabavna in iskriva, pred resnico se ne skriva.","robots":{"index":"index","follow":"follow","max-snippet":"max-snippet:-1","max-image-preview":"max-image-preview:large","max-video-preview":"max-video-preview:-1"},"canonical":"https:\/\/www.agencija-lars.si\/trgovina\/izdelek\/zgaga-vsakic-zmaga\/","og_locale":"sl_SI","og_type":"article","og_title":"Zgaga vsaki\u010d zmaga | Agencija LARS","og_description":"Na voljo je ponatis knji\u017eice Zgaga vsaki\u010d zmaga. Zgaga je zabavna in iskriva, pred resnico se ne skriva.","og_url":"https:\/\/www.agencija-lars.si\/trgovina\/izdelek\/zgaga-vsakic-zmaga\/","og_site_name":"Agencija LARS","article_modified_time":"2025-02-24T12:33:08+00:00","og_image":[{"width":758,"height":758,"url":"https:\/\/www.agencija-lars.si\/trgovina\/wp-content\/uploads\/2025\/02\/naslovnicazgagavsakiczmagaponatis.png","type":"image\/png"}],"twitter_card":"summary_large_image","twitter_misc":{"Est. reading time":"1 minuta"},"schema":{"@context":"https:\/\/schema.org","@graph":[{"@type":"WebPage","@id":"https:\/\/www.agencija-lars.si\/trgovina\/izdelek\/zgaga-vsakic-zmaga\/","url":"https:\/\/www.agencija-lars.si\/trgovina\/izdelek\/zgaga-vsakic-zmaga\/","name":"Zgaga vsaki\u010d zmaga | Agencija LARS","isPartOf":{"@id":"https:\/\/www.agencija-lars.si\/trgovina\/#website"},"primaryImageOfPage":{"@id":"https:\/\/www.agencija-lars.si\/trgovina\/izdelek\/zgaga-vsakic-zmaga\/#primaryimage"},"image":{"@id":"https:\/\/www.agencija-lars.si\/trgovina\/izdelek\/zgaga-vsakic-zmaga\/#primaryimage"},"thumbnailUrl":"https:\/\/www.agencija-lars.si\/trgovina\/wp-content\/uploads\/2025\/02\/naslovnicazgagavsakiczmagaponatis.png","datePublished":"2025-02-24T12:24:04+00:00","dateModified":"2025-02-24T12:33:08+00:00","description":"Na voljo je ponatis knji\u017eice Zgaga vsaki\u010d zmaga. Zgaga je zabavna in iskriva, pred resnico se ne skriva.","breadcrumb":{"@id":"https:\/\/www.agencija-lars.si\/trgovina\/izdelek\/zgaga-vsakic-zmaga\/#breadcrumb"},"inLanguage":"sl-SI","potentialAction":[{"@type":"ReadAction","target":["https:\/\/www.agencija-lars.si\/trgovina\/izdelek\/zgaga-vsakic-zmaga\/"]}]},{"@type":"ImageObject","inLanguage":"sl-SI","@id":"https:\/\/www.agencija-lars.si\/trgovina\/izdelek\/zgaga-vsakic-zmaga\/#primaryimage","url":"https:\/\/www.agencija-lars.si\/trgovina\/wp-content\/uploads\/2025\/02\/naslovnicazgagavsakiczmagaponatis.png","contentUrl":"https:\/\/www.agencija-lars.si\/trgovina\/wp-content\/uploads\/2025\/02\/naslovnicazgagavsakiczmagaponatis.png","width":758,"height":758},{"@type":"BreadcrumbList","@id":"https:\/\/www.agencija-lars.si\/trgovina\/izdelek\/zgaga-vsakic-zmaga\/#breadcrumb","itemListElement":[{"@type":"ListItem","position":1,"name":"Domov","item":"https:\/\/www.agencija-lars.si\/trgovina\/"},{"@type":"ListItem","position":2,"name":"Trgovina","item":"https:\/\/www.agencija-lars.si\/trgovina\/"},{"@type":"ListItem","position":3,"name":"Zgaga vsaki\u010d zmaga"}]},{"@type":"WebSite","@id":"https:\/\/www.agencija-lars.si\/trgovina\/#website","url":"https:\/\/www.agencija-lars.si\/trgovina\/","name":"Agencija LARS","description":"","publisher":{"@id":"https:\/\/www.agencija-lars.si\/trgovina\/#organization"},"potentialAction":[{"@type":"SearchAction","target":{"@type":"EntryPoint","urlTemplate":"https:\/\/www.agencija-lars.si\/trgovina\/?s={search_term_string}"},"query-input":{"@type":"PropertyValueSpecification","valueRequired":true,"valueName":"search_term_string"}}],"inLanguage":"sl-SI"},{"@type":"Organization","@id":"https:\/\/www.agencija-lars.si\/trgovina\/#organization","name":"Agencija LARS","url":"https:\/\/www.agencija-lars.si\/trgovina\/","logo":{"@type":"ImageObject","inLanguage":"sl-SI","@id":"https:\/\/www.agencija-lars.si\/trgovina\/#\/schema\/logo\/image\/","url":"https:\/\/www.agencija-lars.si\/trgovina\/wp-content\/uploads\/2021\/11\/logoagencija2021.jpg","contentUrl":"https:\/\/www.agencija-lars.si\/trgovina\/wp-content\/uploads\/2021\/11\/logoagencija2021.jpg","width":430,"height":117,"caption":"Agencija LARS"},"image":{"@id":"https:\/\/www.agencija-lars.si\/trgovina\/#\/schema\/logo\/image\/"}}]}},"jetpack_sharing_enabled":true,"_links":{"self":[{"href":"https:\/\/www.agencija-lars.si\/trgovina\/wp-json\/wp\/v2\/product\/8803","targetHints":{"allow":["GET"]}}],"collection":[{"href":"https:\/\/www.agencija-lars.si\/trgovina\/wp-json\/wp\/v2\/product"}],"about":[{"href":"https:\/\/www.agencija-lars.si\/trgovina\/wp-json\/wp\/v2\/types\/product"}],"wp:featuredmedia":[{"embeddable":true,"href":"https:\/\/www.agencija-lars.si\/trgovina\/wp-json\/wp\/v2\/media\/8804"}],"wp:attachment":[{"href":"https:\/\/www.agencija-lars.si\/trgovina\/wp-json\/wp\/v2\/media?parent=8803"}],"wp:term":[{"taxonomy":"product_brand","embeddable":true,"href":"https:\/\/www.agencija-lars.si\/trgovina\/wp-json\/wp\/v2\/product_brand?post=8803"},{"taxonomy":"product_cat","embeddable":true,"href":"https:\/\/www.agencija-lars.si\/trgovina\/wp-json\/wp\/v2\/product_cat?post=8803"},{"taxonomy":"product_tag","embeddable":true,"href":"https:\/\/www.agencija-lars.si\/trgovina\/wp-json\/wp\/v2\/product_tag?post=8803"}],"curies":[{"name":"wp","href":"https:\/\/api.w.org\/{rel}","templated":true}]}}