{"id":8732,"date":"2023-11-11T12:04:01","date_gmt":"2023-11-11T11:04:01","guid":{"rendered":"https:\/\/www.agencija-lars.si\/trgovina\/?post_type=product&#038;p=8732"},"modified":"2026-02-01T19:07:17","modified_gmt":"2026-02-01T18:07:17","slug":"akcija-trije-prirocniki-za-10","status":"publish","type":"product","link":"https:\/\/www.agencija-lars.si\/trgovina\/izdelek\/akcija-trije-prirocniki-za-10\/","title":{"rendered":"Akcija: Trije priro\u010dniki za 10,00 \u20ac"},"content":{"rendered":"<p>Poleg knji\u017eice Kako se u\u010diti 2, prejmete tudi knji\u017eici Kako se u\u010diti in Pogajanja v vsakdanjem \u017eivljenju za samo <strong>10,00 \u20ac<\/strong> z DDV.<\/p>\n<h4><strong><a href=\"https:\/\/www.agencija-lars.si\/trgovina\/izdelek\/kako-se-uciti-2\/\">Kako se u\u010diti 2<\/a><\/strong><\/h4>\n<p>Najnovej\u0161a knji\u017eica <strong><a href=\"https:\/\/www.agencija-lars.si\/trgovina\/izdelek\/kako-se-uciti-2\/\">Kako se u\u010diti 2<\/a><\/strong> vas seznani z bistvenim delom u\u010denja &#8211; ponavljanjem. Ugotovili boste, kako uspe\u0161no tvorite gri\u017eljaje in s tem poskrbite, da znanje dlje \u010dasa ostane v va\u0161em spominu.<\/p>\n<p>Spoznali boste tudi krivuljo u\u010denja, krivuljo pozabljanja, tvorjenje mnemotehnik, u\u010dinkovito metodo pou\u010devanja &#8211; UDL ter tehniko zgo\u0161\u010denega u\u010denja.<\/p>\n<h4><strong><a href=\"https:\/\/www.agencija-lars.si\/trgovina\/izdelek\/kako-se-uciti\/\">Kako se u\u010diti<\/a><\/strong><\/h4>\n<p>Knji\u017eica\u00a0<strong><a href=\"https:\/\/www.agencija-lars.si\/trgovina\/izdelek\/kako-se-uciti\/\">Kako se u\u010diti<\/a><\/strong>\u00a0je namenjena vsem, ki \u017eelite spoznati ve\u0161\u010dino u\u010denja u\u010denja.<\/p>\n<p>Gre za knji\u017eico, v kateri spoznate razliko med u\u010denjem in u\u010denjem u\u010denja ter kaj vse va\u0161i mo\u017egani potrebujejo za u\u010denje.<br \/>\nPonudi tudi koristne tehnike, kako premagati odla\u0161anje in \u0161e nekaj idej, kako se bolj u\u010dinkovito lotiti u\u010denja in dela.<\/p>\n<h4><strong><a href=\"https:\/\/www.agencija-lars.si\/trgovina\/izdelek\/pogajanja-v-vsakdanjem-zivljenju\/\">Pogajanja v vsakdanjem \u017eivljenju<\/a><\/strong><\/h4>\n<p>Knji\u017eica <strong><a href=\"https:\/\/www.agencija-lars.si\/trgovina\/izdelek\/pogajanja-v-vsakdanjem-zivljenju\/\">Pogajanja v vsakdanjem \u017eivljenju<\/a><\/strong> je namenjena vsem, ki \u017eelite spoznati ve\u0161\u010dino pogajanj, ki ni koristna samo v poslovnem svetu, temve\u010d tudi v vsakdanjem \u017eivljenju.<\/p>\n<p>Predstavlja vam osnove, zakonitosti in zna\u010dilnosti pogajanj. Tako boste bolje pripravljeni, ko boste \u017eeleli povi\u0161ico, ko se boste dogovarjali za ceno ali pa preprosto \u017eeleli dose\u010di, da va\u0161 otrok kon\u010dno pospravi sobo. \ud83d\ude42<\/p>\n<p><em>Z nakupom knji\u017eic podprete pripravo novih koristnih predavanj, spletnih te\u010dajev, treningov in knji\u017eic za radovedne ljudi.<\/em><\/p>\n<p><strong>Akcija traja do odprodaje zalog!<\/strong><\/p>\n","protected":false},"excerpt":{"rendered":"<p>Za vas smo pripravili paket vseh na\u0161ih priro\u010dnikov za samo <strong>10,00 \u20ac z DDV<\/strong>.<\/p>\n<p>Poleg knji\u017eic <strong>Kako se u\u010diti, Kako se u\u010diti<\/strong> <strong>2, <\/strong>prejmete tudi uporabni priro\u010dnik <strong>Pogajanja v vsakdanjem \u017eivljenju<\/strong><strong>.<\/strong><\/p>\n<p><em>Z nakupom podprete pripravo novih webinarjev, predavanj in priro\u010dnikov iz mehkih ve\u0161\u010din.<\/em><\/p>\n<p>Za <strong>samo 10,00 \u20ac<\/strong> do novih koristnih znanj in idej za uspe\u0161no delo.<\/p>\n","protected":false},"featured_media":8733,"template":"","meta":[],"product_brand":[],"product_cat":[87],"product_tag":[102,103,100,97,98,73],"class_list":{"0":"post-8732","1":"product","2":"type-product","3":"status-publish","4":"has-post-thumbnail","6":"product_cat-igrisce","7":"product_tag-sola","8":"product_tag-priprave","9":"product_tag-ucenje","10":"product_tag-akcija","11":"product_tag-ugodno","12":"product_tag-igrisce","14":"first","15":"instock","16":"sale","17":"taxable","18":"shipping-taxable","19":"purchasable","20":"product-type-simple"},"yoast_head":"<!-- This site is optimized with the Yoast SEO plugin v26.1.1 - https:\/\/yoast.com\/wordpress\/plugins\/seo\/ -->\n<title>Akcija: Trije priro\u010dniki za 10,00 \u20ac | Agencija LARS<\/title>\n<meta name=\"description\" content=\"Akcija! Priro\u010dniki Kako se u\u010diti, Kako se u\u010diti 2 in Pogajanja v vsakdanjem \u017eivljenju za samo 10 \u20ac. Velja do odprodaje zalog.\" \/>\n<meta name=\"robots\" content=\"index, follow, max-snippet:-1, max-image-preview:large, max-video-preview:-1\" \/>\n<link rel=\"canonical\" href=\"https:\/\/www.agencija-lars.si\/trgovina\/izdelek\/akcija-trije-prirocniki-za-10\/\" \/>\n<meta property=\"og:locale\" content=\"sl_SI\" \/>\n<meta property=\"og:type\" content=\"article\" \/>\n<meta property=\"og:title\" content=\"Akcija: Trije priro\u010dniki za 10,00 \u20ac | Agencija LARS\" \/>\n<meta property=\"og:description\" content=\"Akcija! Priro\u010dniki Kako se u\u010diti, Kako se u\u010diti 2 in Pogajanja v vsakdanjem \u017eivljenju za samo 10 \u20ac. Velja do odprodaje zalog.\" \/>\n<meta property=\"og:url\" content=\"https:\/\/www.agencija-lars.si\/trgovina\/izdelek\/akcija-trije-prirocniki-za-10\/\" \/>\n<meta property=\"og:site_name\" content=\"Agencija LARS\" \/>\n<meta property=\"article:modified_time\" content=\"2026-02-01T18:07:17+00:00\" \/>\n<meta property=\"og:image\" content=\"https:\/\/www.agencija-lars.si\/trgovina\/wp-content\/uploads\/2023\/11\/fboglasvseknjizice3.jpg\" \/>\n\t<meta property=\"og:image:width\" content=\"1080\" \/>\n\t<meta property=\"og:image:height\" content=\"1080\" \/>\n\t<meta property=\"og:image:type\" content=\"image\/jpeg\" \/>\n<meta name=\"twitter:card\" content=\"summary_large_image\" \/>\n<meta name=\"twitter:label1\" content=\"Est. reading time\" \/>\n\t<meta name=\"twitter:data1\" content=\"2 minuti\" \/>\n<script type=\"application\/ld+json\" class=\"yoast-schema-graph\">{\"@context\":\"https:\/\/schema.org\",\"@graph\":[{\"@type\":\"WebPage\",\"@id\":\"https:\/\/www.agencija-lars.si\/trgovina\/izdelek\/akcija-trije-prirocniki-za-10\/\",\"url\":\"https:\/\/www.agencija-lars.si\/trgovina\/izdelek\/akcija-trije-prirocniki-za-10\/\",\"name\":\"Akcija: Trije priro\u010dniki za 10,00 \u20ac | Agencija LARS\",\"isPartOf\":{\"@id\":\"https:\/\/www.agencija-lars.si\/trgovina\/#website\"},\"primaryImageOfPage\":{\"@id\":\"https:\/\/www.agencija-lars.si\/trgovina\/izdelek\/akcija-trije-prirocniki-za-10\/#primaryimage\"},\"image\":{\"@id\":\"https:\/\/www.agencija-lars.si\/trgovina\/izdelek\/akcija-trije-prirocniki-za-10\/#primaryimage\"},\"thumbnailUrl\":\"https:\/\/www.agencija-lars.si\/trgovina\/wp-content\/uploads\/2023\/11\/fboglasvseknjizice3.jpg\",\"datePublished\":\"2023-11-11T11:04:01+00:00\",\"dateModified\":\"2026-02-01T18:07:17+00:00\",\"description\":\"Akcija! Priro\u010dniki Kako se u\u010diti, Kako se u\u010diti 2 in Pogajanja v vsakdanjem \u017eivljenju za samo 10 \u20ac. Velja do odprodaje zalog.\",\"breadcrumb\":{\"@id\":\"https:\/\/www.agencija-lars.si\/trgovina\/izdelek\/akcija-trije-prirocniki-za-10\/#breadcrumb\"},\"inLanguage\":\"sl-SI\",\"potentialAction\":[{\"@type\":\"ReadAction\",\"target\":[\"https:\/\/www.agencija-lars.si\/trgovina\/izdelek\/akcija-trije-prirocniki-za-10\/\"]}]},{\"@type\":\"ImageObject\",\"inLanguage\":\"sl-SI\",\"@id\":\"https:\/\/www.agencija-lars.si\/trgovina\/izdelek\/akcija-trije-prirocniki-za-10\/#primaryimage\",\"url\":\"https:\/\/www.agencija-lars.si\/trgovina\/wp-content\/uploads\/2023\/11\/fboglasvseknjizice3.jpg\",\"contentUrl\":\"https:\/\/www.agencija-lars.si\/trgovina\/wp-content\/uploads\/2023\/11\/fboglasvseknjizice3.jpg\",\"width\":1080,\"height\":1080},{\"@type\":\"BreadcrumbList\",\"@id\":\"https:\/\/www.agencija-lars.si\/trgovina\/izdelek\/akcija-trije-prirocniki-za-10\/#breadcrumb\",\"itemListElement\":[{\"@type\":\"ListItem\",\"position\":1,\"name\":\"Domov\",\"item\":\"https:\/\/www.agencija-lars.si\/trgovina\/\"},{\"@type\":\"ListItem\",\"position\":2,\"name\":\"Trgovina\",\"item\":\"https:\/\/www.agencija-lars.si\/trgovina\/\"},{\"@type\":\"ListItem\",\"position\":3,\"name\":\"Akcija: Trije priro\u010dniki za 10,00 \u20ac\"}]},{\"@type\":\"WebSite\",\"@id\":\"https:\/\/www.agencija-lars.si\/trgovina\/#website\",\"url\":\"https:\/\/www.agencija-lars.si\/trgovina\/\",\"name\":\"Agencija LARS\",\"description\":\"\",\"publisher\":{\"@id\":\"https:\/\/www.agencija-lars.si\/trgovina\/#organization\"},\"potentialAction\":[{\"@type\":\"SearchAction\",\"target\":{\"@type\":\"EntryPoint\",\"urlTemplate\":\"https:\/\/www.agencija-lars.si\/trgovina\/?s={search_term_string}\"},\"query-input\":{\"@type\":\"PropertyValueSpecification\",\"valueRequired\":true,\"valueName\":\"search_term_string\"}}],\"inLanguage\":\"sl-SI\"},{\"@type\":\"Organization\",\"@id\":\"https:\/\/www.agencija-lars.si\/trgovina\/#organization\",\"name\":\"Agencija LARS\",\"url\":\"https:\/\/www.agencija-lars.si\/trgovina\/\",\"logo\":{\"@type\":\"ImageObject\",\"inLanguage\":\"sl-SI\",\"@id\":\"https:\/\/www.agencija-lars.si\/trgovina\/#\/schema\/logo\/image\/\",\"url\":\"https:\/\/www.agencija-lars.si\/trgovina\/wp-content\/uploads\/2021\/11\/logoagencija2021.jpg\",\"contentUrl\":\"https:\/\/www.agencija-lars.si\/trgovina\/wp-content\/uploads\/2021\/11\/logoagencija2021.jpg\",\"width\":430,\"height\":117,\"caption\":\"Agencija LARS\"},\"image\":{\"@id\":\"https:\/\/www.agencija-lars.si\/trgovina\/#\/schema\/logo\/image\/\"}}]}<\/script>\n<!-- \/ Yoast SEO plugin. -->","yoast_head_json":{"title":"Akcija: Trije priro\u010dniki za 10,00 \u20ac | Agencija LARS","description":"Akcija! Priro\u010dniki Kako se u\u010diti, Kako se u\u010diti 2 in Pogajanja v vsakdanjem \u017eivljenju za samo 10 \u20ac. Velja do odprodaje zalog.","robots":{"index":"index","follow":"follow","max-snippet":"max-snippet:-1","max-image-preview":"max-image-preview:large","max-video-preview":"max-video-preview:-1"},"canonical":"https:\/\/www.agencija-lars.si\/trgovina\/izdelek\/akcija-trije-prirocniki-za-10\/","og_locale":"sl_SI","og_type":"article","og_title":"Akcija: Trije priro\u010dniki za 10,00 \u20ac | Agencija LARS","og_description":"Akcija! Priro\u010dniki Kako se u\u010diti, Kako se u\u010diti 2 in Pogajanja v vsakdanjem \u017eivljenju za samo 10 \u20ac. Velja do odprodaje zalog.","og_url":"https:\/\/www.agencija-lars.si\/trgovina\/izdelek\/akcija-trije-prirocniki-za-10\/","og_site_name":"Agencija LARS","article_modified_time":"2026-02-01T18:07:17+00:00","og_image":[{"width":1080,"height":1080,"url":"https:\/\/www.agencija-lars.si\/trgovina\/wp-content\/uploads\/2023\/11\/fboglasvseknjizice3.jpg","type":"image\/jpeg"}],"twitter_card":"summary_large_image","twitter_misc":{"Est. reading time":"2 minuti"},"schema":{"@context":"https:\/\/schema.org","@graph":[{"@type":"WebPage","@id":"https:\/\/www.agencija-lars.si\/trgovina\/izdelek\/akcija-trije-prirocniki-za-10\/","url":"https:\/\/www.agencija-lars.si\/trgovina\/izdelek\/akcija-trije-prirocniki-za-10\/","name":"Akcija: Trije priro\u010dniki za 10,00 \u20ac | Agencija LARS","isPartOf":{"@id":"https:\/\/www.agencija-lars.si\/trgovina\/#website"},"primaryImageOfPage":{"@id":"https:\/\/www.agencija-lars.si\/trgovina\/izdelek\/akcija-trije-prirocniki-za-10\/#primaryimage"},"image":{"@id":"https:\/\/www.agencija-lars.si\/trgovina\/izdelek\/akcija-trije-prirocniki-za-10\/#primaryimage"},"thumbnailUrl":"https:\/\/www.agencija-lars.si\/trgovina\/wp-content\/uploads\/2023\/11\/fboglasvseknjizice3.jpg","datePublished":"2023-11-11T11:04:01+00:00","dateModified":"2026-02-01T18:07:17+00:00","description":"Akcija! Priro\u010dniki Kako se u\u010diti, Kako se u\u010diti 2 in Pogajanja v vsakdanjem \u017eivljenju za samo 10 \u20ac. Velja do odprodaje zalog.","breadcrumb":{"@id":"https:\/\/www.agencija-lars.si\/trgovina\/izdelek\/akcija-trije-prirocniki-za-10\/#breadcrumb"},"inLanguage":"sl-SI","potentialAction":[{"@type":"ReadAction","target":["https:\/\/www.agencija-lars.si\/trgovina\/izdelek\/akcija-trije-prirocniki-za-10\/"]}]},{"@type":"ImageObject","inLanguage":"sl-SI","@id":"https:\/\/www.agencija-lars.si\/trgovina\/izdelek\/akcija-trije-prirocniki-za-10\/#primaryimage","url":"https:\/\/www.agencija-lars.si\/trgovina\/wp-content\/uploads\/2023\/11\/fboglasvseknjizice3.jpg","contentUrl":"https:\/\/www.agencija-lars.si\/trgovina\/wp-content\/uploads\/2023\/11\/fboglasvseknjizice3.jpg","width":1080,"height":1080},{"@type":"BreadcrumbList","@id":"https:\/\/www.agencija-lars.si\/trgovina\/izdelek\/akcija-trije-prirocniki-za-10\/#breadcrumb","itemListElement":[{"@type":"ListItem","position":1,"name":"Domov","item":"https:\/\/www.agencija-lars.si\/trgovina\/"},{"@type":"ListItem","position":2,"name":"Trgovina","item":"https:\/\/www.agencija-lars.si\/trgovina\/"},{"@type":"ListItem","position":3,"name":"Akcija: Trije priro\u010dniki za 10,00 \u20ac"}]},{"@type":"WebSite","@id":"https:\/\/www.agencija-lars.si\/trgovina\/#website","url":"https:\/\/www.agencija-lars.si\/trgovina\/","name":"Agencija LARS","description":"","publisher":{"@id":"https:\/\/www.agencija-lars.si\/trgovina\/#organization"},"potentialAction":[{"@type":"SearchAction","target":{"@type":"EntryPoint","urlTemplate":"https:\/\/www.agencija-lars.si\/trgovina\/?s={search_term_string}"},"query-input":{"@type":"PropertyValueSpecification","valueRequired":true,"valueName":"search_term_string"}}],"inLanguage":"sl-SI"},{"@type":"Organization","@id":"https:\/\/www.agencija-lars.si\/trgovina\/#organization","name":"Agencija LARS","url":"https:\/\/www.agencija-lars.si\/trgovina\/","logo":{"@type":"ImageObject","inLanguage":"sl-SI","@id":"https:\/\/www.agencija-lars.si\/trgovina\/#\/schema\/logo\/image\/","url":"https:\/\/www.agencija-lars.si\/trgovina\/wp-content\/uploads\/2021\/11\/logoagencija2021.jpg","contentUrl":"https:\/\/www.agencija-lars.si\/trgovina\/wp-content\/uploads\/2021\/11\/logoagencija2021.jpg","width":430,"height":117,"caption":"Agencija LARS"},"image":{"@id":"https:\/\/www.agencija-lars.si\/trgovina\/#\/schema\/logo\/image\/"}}]}},"jetpack_sharing_enabled":true,"_links":{"self":[{"href":"https:\/\/www.agencija-lars.si\/trgovina\/wp-json\/wp\/v2\/product\/8732","targetHints":{"allow":["GET"]}}],"collection":[{"href":"https:\/\/www.agencija-lars.si\/trgovina\/wp-json\/wp\/v2\/product"}],"about":[{"href":"https:\/\/www.agencija-lars.si\/trgovina\/wp-json\/wp\/v2\/types\/product"}],"wp:featuredmedia":[{"embeddable":true,"href":"https:\/\/www.agencija-lars.si\/trgovina\/wp-json\/wp\/v2\/media\/8733"}],"wp:attachment":[{"href":"https:\/\/www.agencija-lars.si\/trgovina\/wp-json\/wp\/v2\/media?parent=8732"}],"wp:term":[{"taxonomy":"product_brand","embeddable":true,"href":"https:\/\/www.agencija-lars.si\/trgovina\/wp-json\/wp\/v2\/product_brand?post=8732"},{"taxonomy":"product_cat","embeddable":true,"href":"https:\/\/www.agencija-lars.si\/trgovina\/wp-json\/wp\/v2\/product_cat?post=8732"},{"taxonomy":"product_tag","embeddable":true,"href":"https:\/\/www.agencija-lars.si\/trgovina\/wp-json\/wp\/v2\/product_tag?post=8732"}],"curies":[{"name":"wp","href":"https:\/\/api.w.org\/{rel}","templated":true}]}}