{"id":8445,"date":"2022-11-08T15:55:41","date_gmt":"2022-11-08T14:55:41","guid":{"rendered":"https:\/\/www.agencija-lars.si\/trgovina\/?post_type=product&#038;p=8445"},"modified":"2023-11-09T10:37:32","modified_gmt":"2023-11-09T09:37:32","slug":"kako-se-uciti-2","status":"publish","type":"product","link":"https:\/\/www.agencija-lars.si\/trgovina\/izdelek\/kako-se-uciti-2\/","title":{"rendered":"Kako se u\u010diti 2"},"content":{"rendered":"<p>Knji\u017eica Kako se u\u010diti 2 vas seznani z bistvenim delom u\u010denja &#8211; ponavljanjem. Ugotovili boste, kako s ponavljanjem uspe\u0161no tvorite gri\u017eljaje. S tem poskrbite, da znanje dolgo ali celo za vedno ostane v va\u0161em spominu.<\/p>\n<p>Popelje vas skozi celotno krivuljo u\u010denja ter tudi krivuljo pozabljanja. Ta znanja vam bodo koristila pri na\u010drtovanju \u010dasa za u\u010denje. Hm, je torej bolje ponavljati ve\u010dkrat po manj ali manjkrat po ve\u010d?<\/p>\n<p>Spoznali boste tudi tvorjenje mnemotehnik, ki vam bodo pomagale pri pomnjenju, ter u\u010dinkovito metodo pou\u010devanja &#8211; UDL ter tehniko zgo\u0161\u010denega u\u010denja.<\/p>\n<p>Prva knji\u017eica Kako se u\u010diti, ki vas je seznanila z znanostjo u\u010denja, je bila zelo dobro sprejeta med vsemi radovedne\u017ei vseh starosti.<br \/>\nKnji\u017eica spodbuja k razmisleku, zato je primerna predvsem za starej\u0161e u\u010dence (tretja triada), dijake, \u0161tudente. V\u0161e\u010d bo tudi vsem tistim, ki u\u017eivajo v spoznavanju novega in s tem spreminjanju svojega pogleda na svet.<br \/>\nNaj bo pogled na svet vedno pozitiven.<\/p>\n<p>Ima 40 strani in je formata A5.<\/p>\n<p>Z nakupom se strinjate, da postanete prejemniki e-novic z Igri\u0161\u010da ter tako dobite dostop do novih uporabnih znanj za va\u0161e vsakdanje \u017eivljenje.<\/p>\n<p>Knji\u017eica sodi v sklop TOBOGAN na <a href=\"http:\/\/www.agencija-lars.si\/igrisce\">Igri\u0161\u010du<\/a>.<br \/>\nJe tretja od serije knji\u017eic, ki bodo izdane v prihodnjih letih.<\/p>\n<p><em>Z nakupom knji\u017eice podprete pripravo novih koristnih predavanj, spletnih te\u010dajev, treningov in knji\u017eic za radovedne ljudi.<\/em><\/p>\n<p><strong>Akcijska cena 5 \u20ac z ddv velja od 20. septembra do 31. decembra.<\/strong><\/p>\n","protected":false},"excerpt":{"rendered":"<p>Knji\u017eica Kako se u\u010diti 2 vas seznani z bistvenim delom u\u010denja &#8211; ponavljanjem.<\/p>\n<p>Ugotovili boste, kako uspe\u0161no tvorite gri\u017eljaje in s tem poskrbite, da znanje dlje \u010dasa ostane v va\u0161em spominu.<\/p>\n<p>Spoznali boste tudi krivuljo u\u010denja, krivuljo pozabljanja, tvorjenje mnemotehnik, u\u010dinkovito metodo pou\u010devanja &#8211; UDL ter tehniko zgo\u0161\u010denega u\u010denja.<\/p>\n<p><em>Z nakupom knji\u017eice podprete pripravo novih koristnih predavanj, spletnih te\u010dajev, treningov in knji\u017eic za radovedne ljudi.<\/em><\/p>\n","protected":false},"featured_media":8449,"template":"","meta":[],"product_brand":[],"product_cat":[87,86],"product_tag":[],"class_list":{"0":"post-8445","1":"product","2":"type-product","3":"status-publish","4":"has-post-thumbnail","6":"product_cat-igrisce","7":"product_cat-izdelki","9":"first","10":"instock","11":"sale","12":"taxable","13":"shipping-taxable","14":"purchasable","15":"product-type-simple"},"yoast_head":"<!-- This site is optimized with the Yoast SEO plugin v26.1.1 - https:\/\/yoast.com\/wordpress\/plugins\/seo\/ -->\n<title>Kako se u\u010diti 2 | Agencija LARS<\/title>\n<meta name=\"description\" content=\"S knji\u017eico Kako se u\u010diti\u00a02 boste vsi radovedne\u017ei bolje pomnili in \u0161e bolje na\u010drtovali svoje u\u010denje. Knji\u017eica sodi v sklop TOBOGAN na Igri\u0161\u010du.\" \/>\n<meta name=\"robots\" content=\"index, follow, max-snippet:-1, max-image-preview:large, max-video-preview:-1\" \/>\n<link rel=\"canonical\" href=\"https:\/\/www.agencija-lars.si\/trgovina\/izdelek\/kako-se-uciti-2\/\" \/>\n<meta property=\"og:locale\" content=\"sl_SI\" \/>\n<meta property=\"og:type\" content=\"article\" \/>\n<meta property=\"og:title\" content=\"Kako se u\u010diti 2 | Agencija LARS\" \/>\n<meta property=\"og:description\" content=\"S knji\u017eico Kako se u\u010diti\u00a02 boste vsi radovedne\u017ei bolje pomnili in \u0161e bolje na\u010drtovali svoje u\u010denje. Knji\u017eica sodi v sklop TOBOGAN na Igri\u0161\u010du.\" \/>\n<meta property=\"og:url\" content=\"https:\/\/www.agencija-lars.si\/trgovina\/izdelek\/kako-se-uciti-2\/\" \/>\n<meta property=\"og:site_name\" content=\"Agencija LARS\" \/>\n<meta property=\"article:modified_time\" content=\"2023-11-09T09:37:32+00:00\" \/>\n<meta property=\"og:image\" content=\"https:\/\/www.agencija-lars.si\/trgovina\/wp-content\/uploads\/2022\/11\/kakoseuciti2_webstore.jpg\" \/>\n\t<meta property=\"og:image:width\" content=\"1024\" \/>\n\t<meta property=\"og:image:height\" content=\"1024\" \/>\n\t<meta property=\"og:image:type\" content=\"image\/jpeg\" \/>\n<meta name=\"twitter:card\" content=\"summary_large_image\" \/>\n<meta name=\"twitter:label1\" content=\"Est. reading time\" \/>\n\t<meta name=\"twitter:data1\" content=\"1 minuta\" \/>\n<script type=\"application\/ld+json\" class=\"yoast-schema-graph\">{\"@context\":\"https:\/\/schema.org\",\"@graph\":[{\"@type\":\"WebPage\",\"@id\":\"https:\/\/www.agencija-lars.si\/trgovina\/izdelek\/kako-se-uciti-2\/\",\"url\":\"https:\/\/www.agencija-lars.si\/trgovina\/izdelek\/kako-se-uciti-2\/\",\"name\":\"Kako se u\u010diti 2 | Agencija LARS\",\"isPartOf\":{\"@id\":\"https:\/\/www.agencija-lars.si\/trgovina\/#website\"},\"primaryImageOfPage\":{\"@id\":\"https:\/\/www.agencija-lars.si\/trgovina\/izdelek\/kako-se-uciti-2\/#primaryimage\"},\"image\":{\"@id\":\"https:\/\/www.agencija-lars.si\/trgovina\/izdelek\/kako-se-uciti-2\/#primaryimage\"},\"thumbnailUrl\":\"https:\/\/www.agencija-lars.si\/trgovina\/wp-content\/uploads\/2022\/11\/kakoseuciti2_webstore.jpg\",\"datePublished\":\"2022-11-08T14:55:41+00:00\",\"dateModified\":\"2023-11-09T09:37:32+00:00\",\"description\":\"S knji\u017eico Kako se u\u010diti\u00a02 boste vsi radovedne\u017ei bolje pomnili in \u0161e bolje na\u010drtovali svoje u\u010denje. Knji\u017eica sodi v sklop TOBOGAN na Igri\u0161\u010du.\",\"breadcrumb\":{\"@id\":\"https:\/\/www.agencija-lars.si\/trgovina\/izdelek\/kako-se-uciti-2\/#breadcrumb\"},\"inLanguage\":\"sl-SI\",\"potentialAction\":[{\"@type\":\"ReadAction\",\"target\":[\"https:\/\/www.agencija-lars.si\/trgovina\/izdelek\/kako-se-uciti-2\/\"]}]},{\"@type\":\"ImageObject\",\"inLanguage\":\"sl-SI\",\"@id\":\"https:\/\/www.agencija-lars.si\/trgovina\/izdelek\/kako-se-uciti-2\/#primaryimage\",\"url\":\"https:\/\/www.agencija-lars.si\/trgovina\/wp-content\/uploads\/2022\/11\/kakoseuciti2_webstore.jpg\",\"contentUrl\":\"https:\/\/www.agencija-lars.si\/trgovina\/wp-content\/uploads\/2022\/11\/kakoseuciti2_webstore.jpg\",\"width\":1024,\"height\":1024,\"caption\":\"Kako se u\u010diti 2\"},{\"@type\":\"BreadcrumbList\",\"@id\":\"https:\/\/www.agencija-lars.si\/trgovina\/izdelek\/kako-se-uciti-2\/#breadcrumb\",\"itemListElement\":[{\"@type\":\"ListItem\",\"position\":1,\"name\":\"Domov\",\"item\":\"https:\/\/www.agencija-lars.si\/trgovina\/\"},{\"@type\":\"ListItem\",\"position\":2,\"name\":\"Trgovina\",\"item\":\"https:\/\/www.agencija-lars.si\/trgovina\/\"},{\"@type\":\"ListItem\",\"position\":3,\"name\":\"Kako se u\u010diti 2\"}]},{\"@type\":\"WebSite\",\"@id\":\"https:\/\/www.agencija-lars.si\/trgovina\/#website\",\"url\":\"https:\/\/www.agencija-lars.si\/trgovina\/\",\"name\":\"Agencija LARS\",\"description\":\"\",\"publisher\":{\"@id\":\"https:\/\/www.agencija-lars.si\/trgovina\/#organization\"},\"potentialAction\":[{\"@type\":\"SearchAction\",\"target\":{\"@type\":\"EntryPoint\",\"urlTemplate\":\"https:\/\/www.agencija-lars.si\/trgovina\/?s={search_term_string}\"},\"query-input\":{\"@type\":\"PropertyValueSpecification\",\"valueRequired\":true,\"valueName\":\"search_term_string\"}}],\"inLanguage\":\"sl-SI\"},{\"@type\":\"Organization\",\"@id\":\"https:\/\/www.agencija-lars.si\/trgovina\/#organization\",\"name\":\"Agencija LARS\",\"url\":\"https:\/\/www.agencija-lars.si\/trgovina\/\",\"logo\":{\"@type\":\"ImageObject\",\"inLanguage\":\"sl-SI\",\"@id\":\"https:\/\/www.agencija-lars.si\/trgovina\/#\/schema\/logo\/image\/\",\"url\":\"https:\/\/www.agencija-lars.si\/trgovina\/wp-content\/uploads\/2021\/11\/logoagencija2021.jpg\",\"contentUrl\":\"https:\/\/www.agencija-lars.si\/trgovina\/wp-content\/uploads\/2021\/11\/logoagencija2021.jpg\",\"width\":430,\"height\":117,\"caption\":\"Agencija LARS\"},\"image\":{\"@id\":\"https:\/\/www.agencija-lars.si\/trgovina\/#\/schema\/logo\/image\/\"}}]}<\/script>\n<!-- \/ Yoast SEO plugin. -->","yoast_head_json":{"title":"Kako se u\u010diti 2 | Agencija LARS","description":"S knji\u017eico Kako se u\u010diti\u00a02 boste vsi radovedne\u017ei bolje pomnili in \u0161e bolje na\u010drtovali svoje u\u010denje. Knji\u017eica sodi v sklop TOBOGAN na Igri\u0161\u010du.","robots":{"index":"index","follow":"follow","max-snippet":"max-snippet:-1","max-image-preview":"max-image-preview:large","max-video-preview":"max-video-preview:-1"},"canonical":"https:\/\/www.agencija-lars.si\/trgovina\/izdelek\/kako-se-uciti-2\/","og_locale":"sl_SI","og_type":"article","og_title":"Kako se u\u010diti 2 | Agencija LARS","og_description":"S knji\u017eico Kako se u\u010diti\u00a02 boste vsi radovedne\u017ei bolje pomnili in \u0161e bolje na\u010drtovali svoje u\u010denje. Knji\u017eica sodi v sklop TOBOGAN na Igri\u0161\u010du.","og_url":"https:\/\/www.agencija-lars.si\/trgovina\/izdelek\/kako-se-uciti-2\/","og_site_name":"Agencija LARS","article_modified_time":"2023-11-09T09:37:32+00:00","og_image":[{"width":1024,"height":1024,"url":"https:\/\/www.agencija-lars.si\/trgovina\/wp-content\/uploads\/2022\/11\/kakoseuciti2_webstore.jpg","type":"image\/jpeg"}],"twitter_card":"summary_large_image","twitter_misc":{"Est. reading time":"1 minuta"},"schema":{"@context":"https:\/\/schema.org","@graph":[{"@type":"WebPage","@id":"https:\/\/www.agencija-lars.si\/trgovina\/izdelek\/kako-se-uciti-2\/","url":"https:\/\/www.agencija-lars.si\/trgovina\/izdelek\/kako-se-uciti-2\/","name":"Kako se u\u010diti 2 | Agencija LARS","isPartOf":{"@id":"https:\/\/www.agencija-lars.si\/trgovina\/#website"},"primaryImageOfPage":{"@id":"https:\/\/www.agencija-lars.si\/trgovina\/izdelek\/kako-se-uciti-2\/#primaryimage"},"image":{"@id":"https:\/\/www.agencija-lars.si\/trgovina\/izdelek\/kako-se-uciti-2\/#primaryimage"},"thumbnailUrl":"https:\/\/www.agencija-lars.si\/trgovina\/wp-content\/uploads\/2022\/11\/kakoseuciti2_webstore.jpg","datePublished":"2022-11-08T14:55:41+00:00","dateModified":"2023-11-09T09:37:32+00:00","description":"S knji\u017eico Kako se u\u010diti\u00a02 boste vsi radovedne\u017ei bolje pomnili in \u0161e bolje na\u010drtovali svoje u\u010denje. Knji\u017eica sodi v sklop TOBOGAN na Igri\u0161\u010du.","breadcrumb":{"@id":"https:\/\/www.agencija-lars.si\/trgovina\/izdelek\/kako-se-uciti-2\/#breadcrumb"},"inLanguage":"sl-SI","potentialAction":[{"@type":"ReadAction","target":["https:\/\/www.agencija-lars.si\/trgovina\/izdelek\/kako-se-uciti-2\/"]}]},{"@type":"ImageObject","inLanguage":"sl-SI","@id":"https:\/\/www.agencija-lars.si\/trgovina\/izdelek\/kako-se-uciti-2\/#primaryimage","url":"https:\/\/www.agencija-lars.si\/trgovina\/wp-content\/uploads\/2022\/11\/kakoseuciti2_webstore.jpg","contentUrl":"https:\/\/www.agencija-lars.si\/trgovina\/wp-content\/uploads\/2022\/11\/kakoseuciti2_webstore.jpg","width":1024,"height":1024,"caption":"Kako se u\u010diti 2"},{"@type":"BreadcrumbList","@id":"https:\/\/www.agencija-lars.si\/trgovina\/izdelek\/kako-se-uciti-2\/#breadcrumb","itemListElement":[{"@type":"ListItem","position":1,"name":"Domov","item":"https:\/\/www.agencija-lars.si\/trgovina\/"},{"@type":"ListItem","position":2,"name":"Trgovina","item":"https:\/\/www.agencija-lars.si\/trgovina\/"},{"@type":"ListItem","position":3,"name":"Kako se u\u010diti 2"}]},{"@type":"WebSite","@id":"https:\/\/www.agencija-lars.si\/trgovina\/#website","url":"https:\/\/www.agencija-lars.si\/trgovina\/","name":"Agencija LARS","description":"","publisher":{"@id":"https:\/\/www.agencija-lars.si\/trgovina\/#organization"},"potentialAction":[{"@type":"SearchAction","target":{"@type":"EntryPoint","urlTemplate":"https:\/\/www.agencija-lars.si\/trgovina\/?s={search_term_string}"},"query-input":{"@type":"PropertyValueSpecification","valueRequired":true,"valueName":"search_term_string"}}],"inLanguage":"sl-SI"},{"@type":"Organization","@id":"https:\/\/www.agencija-lars.si\/trgovina\/#organization","name":"Agencija LARS","url":"https:\/\/www.agencija-lars.si\/trgovina\/","logo":{"@type":"ImageObject","inLanguage":"sl-SI","@id":"https:\/\/www.agencija-lars.si\/trgovina\/#\/schema\/logo\/image\/","url":"https:\/\/www.agencija-lars.si\/trgovina\/wp-content\/uploads\/2021\/11\/logoagencija2021.jpg","contentUrl":"https:\/\/www.agencija-lars.si\/trgovina\/wp-content\/uploads\/2021\/11\/logoagencija2021.jpg","width":430,"height":117,"caption":"Agencija LARS"},"image":{"@id":"https:\/\/www.agencija-lars.si\/trgovina\/#\/schema\/logo\/image\/"}}]}},"jetpack_sharing_enabled":true,"_links":{"self":[{"href":"https:\/\/www.agencija-lars.si\/trgovina\/wp-json\/wp\/v2\/product\/8445","targetHints":{"allow":["GET"]}}],"collection":[{"href":"https:\/\/www.agencija-lars.si\/trgovina\/wp-json\/wp\/v2\/product"}],"about":[{"href":"https:\/\/www.agencija-lars.si\/trgovina\/wp-json\/wp\/v2\/types\/product"}],"wp:featuredmedia":[{"embeddable":true,"href":"https:\/\/www.agencija-lars.si\/trgovina\/wp-json\/wp\/v2\/media\/8449"}],"wp:attachment":[{"href":"https:\/\/www.agencija-lars.si\/trgovina\/wp-json\/wp\/v2\/media?parent=8445"}],"wp:term":[{"taxonomy":"product_brand","embeddable":true,"href":"https:\/\/www.agencija-lars.si\/trgovina\/wp-json\/wp\/v2\/product_brand?post=8445"},{"taxonomy":"product_cat","embeddable":true,"href":"https:\/\/www.agencija-lars.si\/trgovina\/wp-json\/wp\/v2\/product_cat?post=8445"},{"taxonomy":"product_tag","embeddable":true,"href":"https:\/\/www.agencija-lars.si\/trgovina\/wp-json\/wp\/v2\/product_tag?post=8445"}],"curies":[{"name":"wp","href":"https:\/\/api.w.org\/{rel}","templated":true}]}}