{"id":8027,"date":"2022-01-13T10:56:26","date_gmt":"2022-01-13T09:56:26","guid":{"rendered":"https:\/\/www.agencija-lars.si\/trgovina\/?post_type=product&#038;p=8027"},"modified":"2023-11-09T10:38:00","modified_gmt":"2023-11-09T09:38:00","slug":"pogajanja-v-vsakdanjem-zivljenju","status":"publish","type":"product","link":"https:\/\/www.agencija-lars.si\/trgovina\/izdelek\/pogajanja-v-vsakdanjem-zivljenju\/","title":{"rendered":"Pogajanja v vsakdanjem \u017eivljenju"},"content":{"rendered":"<p>Pogajanja so del na\u0161ega vsakdanjega \u017eivljenja. Se ne strinjate? Kaj pa \u010de se vpra\u0161amo naslednje?<\/p>\n<p>Se tudi vam zdi, da se \u010disto preve\u010d kregamo? Ste \u017ee siti tega, da vas stalno prepri\u010dujejo v nekaj, \u010desar no\u010dete?<\/p>\n<p>Zato je skrajni \u010das, da se nau\u010dimo pogovarjati, dogovarjati in pogajati.<\/p>\n<p>Knji\u017eica <strong>Pogajanja v vsakdanjem \u017eivljenju<\/strong> je namenjena vsem, ki \u017eelite spoznati ve\u0161\u010dino pogajanj, ki ni koristna samo v poslovnem svetu, temve\u010d tudi v vsakdanjem \u017eivljenju.<\/p>\n<p>Predstavlja vam osnove, zakonitosti in zna\u010dilnosti pogajanj. Tako boste bolje pripravljeni, ko boste \u017eeleli povi\u0161ico, ko se boste dogovarjali za ceno ali pa preprosto \u017eeleli dose\u010di, da va\u0161 otrok kon\u010dno pospravi sobo. \ud83d\ude42<\/p>\n<p>Ima 52 strani in je formata A5.<br \/>\nGre za knji\u017eico, v kateri spoznate, kdaj se je dobro pogajati in kdaj sploh ne, kako dolo\u010diti po\u0161teno razdelitev skupnih stro\u0161kov, pa tudi tehnike, ki jih drugi uporabljajo, da bi vplivali na va\u0161e odlo\u010ditve. Napisana je v spro\u0161\u010denem in razumljivem slogu.<\/p>\n<p>Knji\u017eica sodi v sklop KLOPCA na <a href=\"http:\/\/www.agencija-lars.si\/igrisce\">Igri\u0161\u010du<\/a>.<br \/>\nJe druga iz serije knji\u017eic, ki bodo izdane v prihodnjih letih.<\/p>\n<p><em>Z nakupom knji\u017eice podprete pripravo novih koristnih predavanj, treningov in knji\u017eic za radovedne ljudi.<\/em><\/p>\n<p><strong>Akcijska cena 5 \u20ac z ddv velja od 20. septembra do 31. decembra.<\/strong><\/p>\n","protected":false},"excerpt":{"rendered":"<p>Se tudi vam zdi, da se \u010disto preve\u010d kregamo? Ste \u017ee siti tega, da vas stalno prepri\u010dujejo v nekaj, \u010desar no\u010dete?<\/p>\n<p>Skrajni \u010das je, da se nau\u010dimo pogovarjati, dogovarjati in pogajati.<\/p>\n<p>Knji\u017eica Pogajanja v vsakdanjem \u017eivljenju je namenjena vsem, ki \u017eelite spoznati ve\u0161\u010dino pogajanj, ki ni koristna samo v poslovnem svetu, temve\u010d tudi v vsakdanjem \u017eivljenju.<\/p>\n<p>Gre za knji\u017eico, v kateri spoznate, kdaj se je dobro pogajati in kdaj sploh ne, kako dolo\u010diti po\u0161teno razdelitev skupnih stro\u0161kov, pa tudi tehnike, ki jih drugi uporabljajo, da bi vplivali na va\u0161e odlo\u010ditve. Napisana je v spro\u0161\u010denem in razumljivem slogu.<\/p>\n","protected":false},"featured_media":8037,"template":"","meta":[],"product_brand":[],"product_cat":[87],"product_tag":[88,89,90,79],"class_list":{"0":"post-8027","1":"product","2":"type-product","3":"status-publish","4":"has-post-thumbnail","6":"product_cat-igrisce","7":"product_tag-vescine","8":"product_tag-dogovori","9":"product_tag-spori","10":"product_tag-pogajanja","12":"first","13":"instock","14":"sale","15":"taxable","16":"shipping-taxable","17":"purchasable","18":"product-type-simple"},"yoast_head":"<!-- This site is optimized with the Yoast SEO plugin v26.1.1 - https:\/\/yoast.com\/wordpress\/plugins\/seo\/ -->\n<title>Pogajanja v vsakdanjem \u017eivljenju | Agencija LARS<\/title>\n<meta name=\"description\" content=\"Skrajni \u010das je, da se nau\u010dimo pogovarjati, dogovarjati in pogajati. Knji\u017eica Pogajanja v vsakdanjem \u017eivljenju nam to sku\u0161a olaj\u0161ati.\" \/>\n<meta name=\"robots\" content=\"index, follow, max-snippet:-1, max-image-preview:large, max-video-preview:-1\" \/>\n<link rel=\"canonical\" href=\"https:\/\/www.agencija-lars.si\/trgovina\/izdelek\/pogajanja-v-vsakdanjem-zivljenju\/\" \/>\n<meta property=\"og:locale\" content=\"sl_SI\" \/>\n<meta property=\"og:type\" content=\"article\" \/>\n<meta property=\"og:title\" content=\"Pogajanja v vsakdanjem \u017eivljenju | Agencija LARS\" \/>\n<meta property=\"og:description\" content=\"Skrajni \u010das je, da se nau\u010dimo pogovarjati, dogovarjati in pogajati. Knji\u017eica Pogajanja v vsakdanjem \u017eivljenju nam to sku\u0161a olaj\u0161ati.\" \/>\n<meta property=\"og:url\" content=\"https:\/\/www.agencija-lars.si\/trgovina\/izdelek\/pogajanja-v-vsakdanjem-zivljenju\/\" \/>\n<meta property=\"og:site_name\" content=\"Agencija LARS\" \/>\n<meta property=\"article:modified_time\" content=\"2023-11-09T09:38:00+00:00\" \/>\n<meta property=\"og:image\" content=\"https:\/\/www.agencija-lars.si\/trgovina\/wp-content\/uploads\/2022\/01\/pogajanjazatrgovino.png\" \/>\n\t<meta property=\"og:image:width\" content=\"1024\" \/>\n\t<meta property=\"og:image:height\" content=\"1024\" \/>\n\t<meta property=\"og:image:type\" content=\"image\/png\" \/>\n<meta name=\"twitter:card\" content=\"summary_large_image\" \/>\n<meta name=\"twitter:label1\" content=\"Est. reading time\" \/>\n\t<meta name=\"twitter:data1\" content=\"1 minuta\" \/>\n<script type=\"application\/ld+json\" class=\"yoast-schema-graph\">{\"@context\":\"https:\/\/schema.org\",\"@graph\":[{\"@type\":\"WebPage\",\"@id\":\"https:\/\/www.agencija-lars.si\/trgovina\/izdelek\/pogajanja-v-vsakdanjem-zivljenju\/\",\"url\":\"https:\/\/www.agencija-lars.si\/trgovina\/izdelek\/pogajanja-v-vsakdanjem-zivljenju\/\",\"name\":\"Pogajanja v vsakdanjem \u017eivljenju | Agencija LARS\",\"isPartOf\":{\"@id\":\"https:\/\/www.agencija-lars.si\/trgovina\/#website\"},\"primaryImageOfPage\":{\"@id\":\"https:\/\/www.agencija-lars.si\/trgovina\/izdelek\/pogajanja-v-vsakdanjem-zivljenju\/#primaryimage\"},\"image\":{\"@id\":\"https:\/\/www.agencija-lars.si\/trgovina\/izdelek\/pogajanja-v-vsakdanjem-zivljenju\/#primaryimage\"},\"thumbnailUrl\":\"https:\/\/www.agencija-lars.si\/trgovina\/wp-content\/uploads\/2022\/01\/pogajanjazatrgovino.png\",\"datePublished\":\"2022-01-13T09:56:26+00:00\",\"dateModified\":\"2023-11-09T09:38:00+00:00\",\"description\":\"Skrajni \u010das je, da se nau\u010dimo pogovarjati, dogovarjati in pogajati. Knji\u017eica Pogajanja v vsakdanjem \u017eivljenju nam to sku\u0161a olaj\u0161ati.\",\"breadcrumb\":{\"@id\":\"https:\/\/www.agencija-lars.si\/trgovina\/izdelek\/pogajanja-v-vsakdanjem-zivljenju\/#breadcrumb\"},\"inLanguage\":\"sl-SI\",\"potentialAction\":[{\"@type\":\"ReadAction\",\"target\":[\"https:\/\/www.agencija-lars.si\/trgovina\/izdelek\/pogajanja-v-vsakdanjem-zivljenju\/\"]}]},{\"@type\":\"ImageObject\",\"inLanguage\":\"sl-SI\",\"@id\":\"https:\/\/www.agencija-lars.si\/trgovina\/izdelek\/pogajanja-v-vsakdanjem-zivljenju\/#primaryimage\",\"url\":\"https:\/\/www.agencija-lars.si\/trgovina\/wp-content\/uploads\/2022\/01\/pogajanjazatrgovino.png\",\"contentUrl\":\"https:\/\/www.agencija-lars.si\/trgovina\/wp-content\/uploads\/2022\/01\/pogajanjazatrgovino.png\",\"width\":1024,\"height\":1024,\"caption\":\"Pogajanja v vsakdanjem \u017eivljenju\"},{\"@type\":\"BreadcrumbList\",\"@id\":\"https:\/\/www.agencija-lars.si\/trgovina\/izdelek\/pogajanja-v-vsakdanjem-zivljenju\/#breadcrumb\",\"itemListElement\":[{\"@type\":\"ListItem\",\"position\":1,\"name\":\"Domov\",\"item\":\"https:\/\/www.agencija-lars.si\/trgovina\/\"},{\"@type\":\"ListItem\",\"position\":2,\"name\":\"Trgovina\",\"item\":\"https:\/\/www.agencija-lars.si\/trgovina\/\"},{\"@type\":\"ListItem\",\"position\":3,\"name\":\"Pogajanja v vsakdanjem \u017eivljenju\"}]},{\"@type\":\"WebSite\",\"@id\":\"https:\/\/www.agencija-lars.si\/trgovina\/#website\",\"url\":\"https:\/\/www.agencija-lars.si\/trgovina\/\",\"name\":\"Agencija LARS\",\"description\":\"\",\"publisher\":{\"@id\":\"https:\/\/www.agencija-lars.si\/trgovina\/#organization\"},\"potentialAction\":[{\"@type\":\"SearchAction\",\"target\":{\"@type\":\"EntryPoint\",\"urlTemplate\":\"https:\/\/www.agencija-lars.si\/trgovina\/?s={search_term_string}\"},\"query-input\":{\"@type\":\"PropertyValueSpecification\",\"valueRequired\":true,\"valueName\":\"search_term_string\"}}],\"inLanguage\":\"sl-SI\"},{\"@type\":\"Organization\",\"@id\":\"https:\/\/www.agencija-lars.si\/trgovina\/#organization\",\"name\":\"Agencija LARS\",\"url\":\"https:\/\/www.agencija-lars.si\/trgovina\/\",\"logo\":{\"@type\":\"ImageObject\",\"inLanguage\":\"sl-SI\",\"@id\":\"https:\/\/www.agencija-lars.si\/trgovina\/#\/schema\/logo\/image\/\",\"url\":\"https:\/\/www.agencija-lars.si\/trgovina\/wp-content\/uploads\/2021\/11\/logoagencija2021.jpg\",\"contentUrl\":\"https:\/\/www.agencija-lars.si\/trgovina\/wp-content\/uploads\/2021\/11\/logoagencija2021.jpg\",\"width\":430,\"height\":117,\"caption\":\"Agencija LARS\"},\"image\":{\"@id\":\"https:\/\/www.agencija-lars.si\/trgovina\/#\/schema\/logo\/image\/\"}}]}<\/script>\n<!-- \/ Yoast SEO plugin. -->","yoast_head_json":{"title":"Pogajanja v vsakdanjem \u017eivljenju | Agencija LARS","description":"Skrajni \u010das je, da se nau\u010dimo pogovarjati, dogovarjati in pogajati. Knji\u017eica Pogajanja v vsakdanjem \u017eivljenju nam to sku\u0161a olaj\u0161ati.","robots":{"index":"index","follow":"follow","max-snippet":"max-snippet:-1","max-image-preview":"max-image-preview:large","max-video-preview":"max-video-preview:-1"},"canonical":"https:\/\/www.agencija-lars.si\/trgovina\/izdelek\/pogajanja-v-vsakdanjem-zivljenju\/","og_locale":"sl_SI","og_type":"article","og_title":"Pogajanja v vsakdanjem \u017eivljenju | Agencija LARS","og_description":"Skrajni \u010das je, da se nau\u010dimo pogovarjati, dogovarjati in pogajati. Knji\u017eica Pogajanja v vsakdanjem \u017eivljenju nam to sku\u0161a olaj\u0161ati.","og_url":"https:\/\/www.agencija-lars.si\/trgovina\/izdelek\/pogajanja-v-vsakdanjem-zivljenju\/","og_site_name":"Agencija LARS","article_modified_time":"2023-11-09T09:38:00+00:00","og_image":[{"width":1024,"height":1024,"url":"https:\/\/www.agencija-lars.si\/trgovina\/wp-content\/uploads\/2022\/01\/pogajanjazatrgovino.png","type":"image\/png"}],"twitter_card":"summary_large_image","twitter_misc":{"Est. reading time":"1 minuta"},"schema":{"@context":"https:\/\/schema.org","@graph":[{"@type":"WebPage","@id":"https:\/\/www.agencija-lars.si\/trgovina\/izdelek\/pogajanja-v-vsakdanjem-zivljenju\/","url":"https:\/\/www.agencija-lars.si\/trgovina\/izdelek\/pogajanja-v-vsakdanjem-zivljenju\/","name":"Pogajanja v vsakdanjem \u017eivljenju | Agencija LARS","isPartOf":{"@id":"https:\/\/www.agencija-lars.si\/trgovina\/#website"},"primaryImageOfPage":{"@id":"https:\/\/www.agencija-lars.si\/trgovina\/izdelek\/pogajanja-v-vsakdanjem-zivljenju\/#primaryimage"},"image":{"@id":"https:\/\/www.agencija-lars.si\/trgovina\/izdelek\/pogajanja-v-vsakdanjem-zivljenju\/#primaryimage"},"thumbnailUrl":"https:\/\/www.agencija-lars.si\/trgovina\/wp-content\/uploads\/2022\/01\/pogajanjazatrgovino.png","datePublished":"2022-01-13T09:56:26+00:00","dateModified":"2023-11-09T09:38:00+00:00","description":"Skrajni \u010das je, da se nau\u010dimo pogovarjati, dogovarjati in pogajati. Knji\u017eica Pogajanja v vsakdanjem \u017eivljenju nam to sku\u0161a olaj\u0161ati.","breadcrumb":{"@id":"https:\/\/www.agencija-lars.si\/trgovina\/izdelek\/pogajanja-v-vsakdanjem-zivljenju\/#breadcrumb"},"inLanguage":"sl-SI","potentialAction":[{"@type":"ReadAction","target":["https:\/\/www.agencija-lars.si\/trgovina\/izdelek\/pogajanja-v-vsakdanjem-zivljenju\/"]}]},{"@type":"ImageObject","inLanguage":"sl-SI","@id":"https:\/\/www.agencija-lars.si\/trgovina\/izdelek\/pogajanja-v-vsakdanjem-zivljenju\/#primaryimage","url":"https:\/\/www.agencija-lars.si\/trgovina\/wp-content\/uploads\/2022\/01\/pogajanjazatrgovino.png","contentUrl":"https:\/\/www.agencija-lars.si\/trgovina\/wp-content\/uploads\/2022\/01\/pogajanjazatrgovino.png","width":1024,"height":1024,"caption":"Pogajanja v vsakdanjem \u017eivljenju"},{"@type":"BreadcrumbList","@id":"https:\/\/www.agencija-lars.si\/trgovina\/izdelek\/pogajanja-v-vsakdanjem-zivljenju\/#breadcrumb","itemListElement":[{"@type":"ListItem","position":1,"name":"Domov","item":"https:\/\/www.agencija-lars.si\/trgovina\/"},{"@type":"ListItem","position":2,"name":"Trgovina","item":"https:\/\/www.agencija-lars.si\/trgovina\/"},{"@type":"ListItem","position":3,"name":"Pogajanja v vsakdanjem \u017eivljenju"}]},{"@type":"WebSite","@id":"https:\/\/www.agencija-lars.si\/trgovina\/#website","url":"https:\/\/www.agencija-lars.si\/trgovina\/","name":"Agencija LARS","description":"","publisher":{"@id":"https:\/\/www.agencija-lars.si\/trgovina\/#organization"},"potentialAction":[{"@type":"SearchAction","target":{"@type":"EntryPoint","urlTemplate":"https:\/\/www.agencija-lars.si\/trgovina\/?s={search_term_string}"},"query-input":{"@type":"PropertyValueSpecification","valueRequired":true,"valueName":"search_term_string"}}],"inLanguage":"sl-SI"},{"@type":"Organization","@id":"https:\/\/www.agencija-lars.si\/trgovina\/#organization","name":"Agencija LARS","url":"https:\/\/www.agencija-lars.si\/trgovina\/","logo":{"@type":"ImageObject","inLanguage":"sl-SI","@id":"https:\/\/www.agencija-lars.si\/trgovina\/#\/schema\/logo\/image\/","url":"https:\/\/www.agencija-lars.si\/trgovina\/wp-content\/uploads\/2021\/11\/logoagencija2021.jpg","contentUrl":"https:\/\/www.agencija-lars.si\/trgovina\/wp-content\/uploads\/2021\/11\/logoagencija2021.jpg","width":430,"height":117,"caption":"Agencija LARS"},"image":{"@id":"https:\/\/www.agencija-lars.si\/trgovina\/#\/schema\/logo\/image\/"}}]}},"jetpack_sharing_enabled":true,"_links":{"self":[{"href":"https:\/\/www.agencija-lars.si\/trgovina\/wp-json\/wp\/v2\/product\/8027","targetHints":{"allow":["GET"]}}],"collection":[{"href":"https:\/\/www.agencija-lars.si\/trgovina\/wp-json\/wp\/v2\/product"}],"about":[{"href":"https:\/\/www.agencija-lars.si\/trgovina\/wp-json\/wp\/v2\/types\/product"}],"wp:featuredmedia":[{"embeddable":true,"href":"https:\/\/www.agencija-lars.si\/trgovina\/wp-json\/wp\/v2\/media\/8037"}],"wp:attachment":[{"href":"https:\/\/www.agencija-lars.si\/trgovina\/wp-json\/wp\/v2\/media?parent=8027"}],"wp:term":[{"taxonomy":"product_brand","embeddable":true,"href":"https:\/\/www.agencija-lars.si\/trgovina\/wp-json\/wp\/v2\/product_brand?post=8027"},{"taxonomy":"product_cat","embeddable":true,"href":"https:\/\/www.agencija-lars.si\/trgovina\/wp-json\/wp\/v2\/product_cat?post=8027"},{"taxonomy":"product_tag","embeddable":true,"href":"https:\/\/www.agencija-lars.si\/trgovina\/wp-json\/wp\/v2\/product_tag?post=8027"}],"curies":[{"name":"wp","href":"https:\/\/api.w.org\/{rel}","templated":true}]}}