{"id":7622,"date":"2020-11-06T17:30:04","date_gmt":"2020-11-06T16:30:04","guid":{"rendered":"https:\/\/www.agencija-lars.si\/trgovina\/?post_type=product&#038;p=7622"},"modified":"2026-02-12T12:53:16","modified_gmt":"2026-02-12T11:53:16","slug":"zalaufaj-z-laufarji-druzabna-igra","status":"publish","type":"product","link":"https:\/\/www.agencija-lars.si\/trgovina\/izdelek\/zalaufaj-z-laufarji-druzabna-igra\/","title":{"rendered":"Zalaufaj z laufarji &#8211; dru\u017eabna igra na temo Cerkljanske laufarije"},"content":{"rendered":"<p>Igra Zalaufaj z laufarji je namenjena 2-4 igralcem, od 6-99 let. Igro lahko igrajo tudi mlaj\u0161i, \u010de jim odrasli sproti prebirajo navodila, ki so prilo\u017eena.<\/p>\n<p>Sestavni deli dru\u017eabne igre:<br \/>\nPlatnena igralna plo\u0161\u010da<br \/>\n4 igralne figurice razli\u010dnih barv<br \/>\n1 igralna kocka<\/p>\n<p>Vsi sestavni deli se prodajajo v lanenem mo\u0161nji\u010dku.<\/p>\n<p>Vsi materiali, iz katerih je sestavljen komplet, so iz naravnih materialov (lan, platno, les), ki jih opazimo tudi v kostumih laufarjev.<\/p>\n<p>V igri so tako ali druga\u010de vklju\u010deni vsi laufarski liki, vse larfe in osrednji dogodki, ki se dogajajo v sklopu te \u0161ege (koledovanje, sprevod, odkop bota, obsodba, ta kapcinarska), kot tudi prostori oz. lokacije dogodkov (prostori laufarije, laufarska parcela, plac). Liki so ve\u010dinoma nanizani v vrstnem redu, ki velja za sprevod. Edina larfa, ki ni iz lipovega lesa, je napisana z veliko LAMANT. Prav tako je omenjena UACUIERKAJCA &#8211; jed, ki zaznamuje pustni \u010das in laufarijo. Ostale ideje so vzniknile na podlagi opazovanja \u017eive laufarije, obiskovanja stalne muzejske zbirke, prebiranja spletnih strani in drugih virov, ogledov filmov o laufariji in pogovorov s starimi in novimi \u010dlani Dru\u0161tva Laufarija.<\/p>\n<p>Ob prvi izdaji igrice so o njej poro\u010dale tudi <a href=\"http:\/\/www.primorske.si\/Priloge\/Poletni-utrip\/Cerkljan-ne-jezi-se!.aspx\">Primorske novice<\/a>.<\/p>\n<p>Zahvala:<br \/>\n<em>Hvala Liviju Rojc za vse pripovedi, ki so tako h\u010di Livijo in vnuka Filipa nad laufarijo najprej navdu\u0161ile. Hvala Robiju in Amelie za podporo. Hvala Bojanu Tav\u010darju, ki je pa\u010d preprosto najbolj\u0161i pri svojem delu. Hvala Dru\u0161tvu Laufarija, ki ohranja to mojstrovino na\u0161e kulturne dedi\u0161\u010dine \u017eivo.<\/em><\/p>\n<p>Avtorja: Filip \u0160tremfelj in Livija Rojc \u0160tremfelj<br \/>\nFotografije prispeval in igro oblikoval: <a href=\"http:\/\/www.tavcarb.net\">Bojan Tav\u010dar<\/a><\/p>\n<p>Dru\u017eabna igra je namenjena izobra\u017eevanju in ozave\u0161\u010danju o bogati kulturni tradiciji Cerkljanske, predvsem o laufariji, stari pustni \u0161egi. Ve\u010d o laufariji na <a href=\"http:\/\/www.laufarija-cerkno.si\">www.laufarija-cerkno.si<\/a><br \/>\nZalo\u017eila: Agencija LARS, 1. ponatis, september 2015.<\/p>\n","protected":false},"excerpt":{"rendered":"<p>Igra Zalaufaj z laufarji je namenjena 2-4 igralcem, od 6-99 let. Igro lahko igrajo tudi mlaj\u0161i, \u010de jim odrasli sproti prebirajo navodila, ki so prilo\u017eena.<\/p>\n","protected":false},"featured_media":7624,"template":"","meta":[],"product_brand":[],"product_cat":[86],"product_tag":[84,82,83],"class_list":{"0":"post-7622","1":"product","2":"type-product","3":"status-publish","4":"has-post-thumbnail","6":"product_cat-izdelki","7":"product_tag-druzabne-igre","8":"product_tag-laufarija","9":"product_tag-laufarji","11":"first","12":"instock","13":"taxable","14":"shipping-taxable","15":"purchasable","16":"product-type-simple"},"yoast_head":"<!-- This site is optimized with the Yoast SEO plugin v26.1.1 - https:\/\/yoast.com\/wordpress\/plugins\/seo\/ -->\n<title>Zalaufaj z laufarji - dru\u017eabna igra na temo Cerkljanske laufarije |<\/title>\n<meta name=\"description\" content=\"Igra Zalaufaj z laufarji je namenjena 2-4 igralcem, od 6-99 let. Igro lahko igrajo tudi mlaj\u0161i, \u010de jim pojasnimo navodila na igralnem platnu.\" \/>\n<meta name=\"robots\" content=\"index, follow, max-snippet:-1, max-image-preview:large, max-video-preview:-1\" \/>\n<link rel=\"canonical\" href=\"https:\/\/www.agencija-lars.si\/trgovina\/izdelek\/zalaufaj-z-laufarji-druzabna-igra\/\" \/>\n<meta property=\"og:locale\" content=\"sl_SI\" \/>\n<meta property=\"og:type\" content=\"article\" \/>\n<meta property=\"og:title\" content=\"Zalaufaj z laufarji - dru\u017eabna igra na temo Cerkljanske laufarije |\" \/>\n<meta property=\"og:description\" content=\"Igra Zalaufaj z laufarji je namenjena 2-4 igralcem, od 6-99 let. Igro lahko igrajo tudi mlaj\u0161i, \u010de jim pojasnimo navodila na igralnem platnu.\" \/>\n<meta property=\"og:url\" content=\"https:\/\/www.agencija-lars.si\/trgovina\/izdelek\/zalaufaj-z-laufarji-druzabna-igra\/\" \/>\n<meta property=\"og:site_name\" content=\"Agencija LARS\" \/>\n<meta property=\"article:modified_time\" content=\"2026-02-12T11:53:16+00:00\" \/>\n<meta property=\"og:image\" content=\"https:\/\/www.agencija-lars.si\/trgovina\/wp-content\/uploads\/2021\/11\/laufarska_igrica-1.jpg\" \/>\n\t<meta property=\"og:image:width\" content=\"1024\" \/>\n\t<meta property=\"og:image:height\" content=\"1024\" \/>\n\t<meta property=\"og:image:type\" content=\"image\/jpeg\" \/>\n<meta name=\"twitter:card\" content=\"summary_large_image\" \/>\n<meta name=\"twitter:label1\" content=\"Est. reading time\" \/>\n\t<meta name=\"twitter:data1\" content=\"2 minuti\" \/>\n<script type=\"application\/ld+json\" class=\"yoast-schema-graph\">{\"@context\":\"https:\/\/schema.org\",\"@graph\":[{\"@type\":\"WebPage\",\"@id\":\"https:\/\/www.agencija-lars.si\/trgovina\/izdelek\/zalaufaj-z-laufarji-druzabna-igra\/\",\"url\":\"https:\/\/www.agencija-lars.si\/trgovina\/izdelek\/zalaufaj-z-laufarji-druzabna-igra\/\",\"name\":\"Zalaufaj z laufarji - dru\u017eabna igra na temo Cerkljanske laufarije |\",\"isPartOf\":{\"@id\":\"https:\/\/www.agencija-lars.si\/trgovina\/#website\"},\"primaryImageOfPage\":{\"@id\":\"https:\/\/www.agencija-lars.si\/trgovina\/izdelek\/zalaufaj-z-laufarji-druzabna-igra\/#primaryimage\"},\"image\":{\"@id\":\"https:\/\/www.agencija-lars.si\/trgovina\/izdelek\/zalaufaj-z-laufarji-druzabna-igra\/#primaryimage\"},\"thumbnailUrl\":\"https:\/\/www.agencija-lars.si\/trgovina\/wp-content\/uploads\/2021\/11\/laufarska_igrica-1.jpg\",\"datePublished\":\"2020-11-06T16:30:04+00:00\",\"dateModified\":\"2026-02-12T11:53:16+00:00\",\"description\":\"Igra Zalaufaj z laufarji je namenjena 2-4 igralcem, od 6-99 let. Igro lahko igrajo tudi mlaj\u0161i, \u010de jim pojasnimo navodila na igralnem platnu.\",\"breadcrumb\":{\"@id\":\"https:\/\/www.agencija-lars.si\/trgovina\/izdelek\/zalaufaj-z-laufarji-druzabna-igra\/#breadcrumb\"},\"inLanguage\":\"sl-SI\",\"potentialAction\":[{\"@type\":\"ReadAction\",\"target\":[\"https:\/\/www.agencija-lars.si\/trgovina\/izdelek\/zalaufaj-z-laufarji-druzabna-igra\/\"]}]},{\"@type\":\"ImageObject\",\"inLanguage\":\"sl-SI\",\"@id\":\"https:\/\/www.agencija-lars.si\/trgovina\/izdelek\/zalaufaj-z-laufarji-druzabna-igra\/#primaryimage\",\"url\":\"https:\/\/www.agencija-lars.si\/trgovina\/wp-content\/uploads\/2021\/11\/laufarska_igrica-1.jpg\",\"contentUrl\":\"https:\/\/www.agencija-lars.si\/trgovina\/wp-content\/uploads\/2021\/11\/laufarska_igrica-1.jpg\",\"width\":1024,\"height\":1024},{\"@type\":\"BreadcrumbList\",\"@id\":\"https:\/\/www.agencija-lars.si\/trgovina\/izdelek\/zalaufaj-z-laufarji-druzabna-igra\/#breadcrumb\",\"itemListElement\":[{\"@type\":\"ListItem\",\"position\":1,\"name\":\"Domov\",\"item\":\"https:\/\/www.agencija-lars.si\/trgovina\/\"},{\"@type\":\"ListItem\",\"position\":2,\"name\":\"Trgovina\",\"item\":\"https:\/\/www.agencija-lars.si\/trgovina\/\"},{\"@type\":\"ListItem\",\"position\":3,\"name\":\"Zalaufaj z laufarji &#8211; dru\u017eabna igra na temo Cerkljanske laufarije\"}]},{\"@type\":\"WebSite\",\"@id\":\"https:\/\/www.agencija-lars.si\/trgovina\/#website\",\"url\":\"https:\/\/www.agencija-lars.si\/trgovina\/\",\"name\":\"Agencija LARS\",\"description\":\"\",\"publisher\":{\"@id\":\"https:\/\/www.agencija-lars.si\/trgovina\/#organization\"},\"potentialAction\":[{\"@type\":\"SearchAction\",\"target\":{\"@type\":\"EntryPoint\",\"urlTemplate\":\"https:\/\/www.agencija-lars.si\/trgovina\/?s={search_term_string}\"},\"query-input\":{\"@type\":\"PropertyValueSpecification\",\"valueRequired\":true,\"valueName\":\"search_term_string\"}}],\"inLanguage\":\"sl-SI\"},{\"@type\":\"Organization\",\"@id\":\"https:\/\/www.agencija-lars.si\/trgovina\/#organization\",\"name\":\"Agencija LARS\",\"url\":\"https:\/\/www.agencija-lars.si\/trgovina\/\",\"logo\":{\"@type\":\"ImageObject\",\"inLanguage\":\"sl-SI\",\"@id\":\"https:\/\/www.agencija-lars.si\/trgovina\/#\/schema\/logo\/image\/\",\"url\":\"https:\/\/www.agencija-lars.si\/trgovina\/wp-content\/uploads\/2021\/11\/logoagencija2021.jpg\",\"contentUrl\":\"https:\/\/www.agencija-lars.si\/trgovina\/wp-content\/uploads\/2021\/11\/logoagencija2021.jpg\",\"width\":430,\"height\":117,\"caption\":\"Agencija LARS\"},\"image\":{\"@id\":\"https:\/\/www.agencija-lars.si\/trgovina\/#\/schema\/logo\/image\/\"}}]}<\/script>\n<!-- \/ Yoast SEO plugin. -->","yoast_head_json":{"title":"Zalaufaj z laufarji - dru\u017eabna igra na temo Cerkljanske laufarije |","description":"Igra Zalaufaj z laufarji je namenjena 2-4 igralcem, od 6-99 let. Igro lahko igrajo tudi mlaj\u0161i, \u010de jim pojasnimo navodila na igralnem platnu.","robots":{"index":"index","follow":"follow","max-snippet":"max-snippet:-1","max-image-preview":"max-image-preview:large","max-video-preview":"max-video-preview:-1"},"canonical":"https:\/\/www.agencija-lars.si\/trgovina\/izdelek\/zalaufaj-z-laufarji-druzabna-igra\/","og_locale":"sl_SI","og_type":"article","og_title":"Zalaufaj z laufarji - dru\u017eabna igra na temo Cerkljanske laufarije |","og_description":"Igra Zalaufaj z laufarji je namenjena 2-4 igralcem, od 6-99 let. Igro lahko igrajo tudi mlaj\u0161i, \u010de jim pojasnimo navodila na igralnem platnu.","og_url":"https:\/\/www.agencija-lars.si\/trgovina\/izdelek\/zalaufaj-z-laufarji-druzabna-igra\/","og_site_name":"Agencija LARS","article_modified_time":"2026-02-12T11:53:16+00:00","og_image":[{"width":1024,"height":1024,"url":"https:\/\/www.agencija-lars.si\/trgovina\/wp-content\/uploads\/2021\/11\/laufarska_igrica-1.jpg","type":"image\/jpeg"}],"twitter_card":"summary_large_image","twitter_misc":{"Est. reading time":"2 minuti"},"schema":{"@context":"https:\/\/schema.org","@graph":[{"@type":"WebPage","@id":"https:\/\/www.agencija-lars.si\/trgovina\/izdelek\/zalaufaj-z-laufarji-druzabna-igra\/","url":"https:\/\/www.agencija-lars.si\/trgovina\/izdelek\/zalaufaj-z-laufarji-druzabna-igra\/","name":"Zalaufaj z laufarji - dru\u017eabna igra na temo Cerkljanske laufarije |","isPartOf":{"@id":"https:\/\/www.agencija-lars.si\/trgovina\/#website"},"primaryImageOfPage":{"@id":"https:\/\/www.agencija-lars.si\/trgovina\/izdelek\/zalaufaj-z-laufarji-druzabna-igra\/#primaryimage"},"image":{"@id":"https:\/\/www.agencija-lars.si\/trgovina\/izdelek\/zalaufaj-z-laufarji-druzabna-igra\/#primaryimage"},"thumbnailUrl":"https:\/\/www.agencija-lars.si\/trgovina\/wp-content\/uploads\/2021\/11\/laufarska_igrica-1.jpg","datePublished":"2020-11-06T16:30:04+00:00","dateModified":"2026-02-12T11:53:16+00:00","description":"Igra Zalaufaj z laufarji je namenjena 2-4 igralcem, od 6-99 let. Igro lahko igrajo tudi mlaj\u0161i, \u010de jim pojasnimo navodila na igralnem platnu.","breadcrumb":{"@id":"https:\/\/www.agencija-lars.si\/trgovina\/izdelek\/zalaufaj-z-laufarji-druzabna-igra\/#breadcrumb"},"inLanguage":"sl-SI","potentialAction":[{"@type":"ReadAction","target":["https:\/\/www.agencija-lars.si\/trgovina\/izdelek\/zalaufaj-z-laufarji-druzabna-igra\/"]}]},{"@type":"ImageObject","inLanguage":"sl-SI","@id":"https:\/\/www.agencija-lars.si\/trgovina\/izdelek\/zalaufaj-z-laufarji-druzabna-igra\/#primaryimage","url":"https:\/\/www.agencija-lars.si\/trgovina\/wp-content\/uploads\/2021\/11\/laufarska_igrica-1.jpg","contentUrl":"https:\/\/www.agencija-lars.si\/trgovina\/wp-content\/uploads\/2021\/11\/laufarska_igrica-1.jpg","width":1024,"height":1024},{"@type":"BreadcrumbList","@id":"https:\/\/www.agencija-lars.si\/trgovina\/izdelek\/zalaufaj-z-laufarji-druzabna-igra\/#breadcrumb","itemListElement":[{"@type":"ListItem","position":1,"name":"Domov","item":"https:\/\/www.agencija-lars.si\/trgovina\/"},{"@type":"ListItem","position":2,"name":"Trgovina","item":"https:\/\/www.agencija-lars.si\/trgovina\/"},{"@type":"ListItem","position":3,"name":"Zalaufaj z laufarji &#8211; dru\u017eabna igra na temo Cerkljanske laufarije"}]},{"@type":"WebSite","@id":"https:\/\/www.agencija-lars.si\/trgovina\/#website","url":"https:\/\/www.agencija-lars.si\/trgovina\/","name":"Agencija LARS","description":"","publisher":{"@id":"https:\/\/www.agencija-lars.si\/trgovina\/#organization"},"potentialAction":[{"@type":"SearchAction","target":{"@type":"EntryPoint","urlTemplate":"https:\/\/www.agencija-lars.si\/trgovina\/?s={search_term_string}"},"query-input":{"@type":"PropertyValueSpecification","valueRequired":true,"valueName":"search_term_string"}}],"inLanguage":"sl-SI"},{"@type":"Organization","@id":"https:\/\/www.agencija-lars.si\/trgovina\/#organization","name":"Agencija LARS","url":"https:\/\/www.agencija-lars.si\/trgovina\/","logo":{"@type":"ImageObject","inLanguage":"sl-SI","@id":"https:\/\/www.agencija-lars.si\/trgovina\/#\/schema\/logo\/image\/","url":"https:\/\/www.agencija-lars.si\/trgovina\/wp-content\/uploads\/2021\/11\/logoagencija2021.jpg","contentUrl":"https:\/\/www.agencija-lars.si\/trgovina\/wp-content\/uploads\/2021\/11\/logoagencija2021.jpg","width":430,"height":117,"caption":"Agencija LARS"},"image":{"@id":"https:\/\/www.agencija-lars.si\/trgovina\/#\/schema\/logo\/image\/"}}]}},"jetpack_sharing_enabled":true,"_links":{"self":[{"href":"https:\/\/www.agencija-lars.si\/trgovina\/wp-json\/wp\/v2\/product\/7622","targetHints":{"allow":["GET"]}}],"collection":[{"href":"https:\/\/www.agencija-lars.si\/trgovina\/wp-json\/wp\/v2\/product"}],"about":[{"href":"https:\/\/www.agencija-lars.si\/trgovina\/wp-json\/wp\/v2\/types\/product"}],"wp:featuredmedia":[{"embeddable":true,"href":"https:\/\/www.agencija-lars.si\/trgovina\/wp-json\/wp\/v2\/media\/7624"}],"wp:attachment":[{"href":"https:\/\/www.agencija-lars.si\/trgovina\/wp-json\/wp\/v2\/media?parent=7622"}],"wp:term":[{"taxonomy":"product_brand","embeddable":true,"href":"https:\/\/www.agencija-lars.si\/trgovina\/wp-json\/wp\/v2\/product_brand?post=7622"},{"taxonomy":"product_cat","embeddable":true,"href":"https:\/\/www.agencija-lars.si\/trgovina\/wp-json\/wp\/v2\/product_cat?post=7622"},{"taxonomy":"product_tag","embeddable":true,"href":"https:\/\/www.agencija-lars.si\/trgovina\/wp-json\/wp\/v2\/product_tag?post=7622"}],"curies":[{"name":"wp","href":"https:\/\/api.w.org\/{rel}","templated":true}]}}