{"id":7597,"date":"2021-11-06T14:11:24","date_gmt":"2021-11-06T13:11:24","guid":{"rendered":"https:\/\/www.agencija-lars.si\/trgovina\/?post_type=product&#038;p=7597"},"modified":"2023-11-09T10:36:57","modified_gmt":"2023-11-09T09:36:57","slug":"kako-se-uciti","status":"publish","type":"product","link":"https:\/\/www.agencija-lars.si\/trgovina\/izdelek\/kako-se-uciti\/","title":{"rendered":"Kako se u\u010diti"},"content":{"rendered":"<p>Znanja na svetu je vsako leto za enkrat ve\u010d. Kar smo znali in vedeli v\u010deraj, danes morda \u0161e zadostuje, jutri pa ne bo ve\u010d dovolj.<\/p>\n<p>Skrajni \u010das je, da se nau\u010dimo u\u010diti.<\/p>\n<p>K sre\u010di so nevroznanstveniki v zadnjem desetletju odkrili u\u010dinkovite tehnike, ki nam lahko pri tem pomagajo.<\/p>\n<p>Ta odkritja lahko pomagajo tudi vam, \u010de ali ko se sre\u010dujete z ovirami pri u\u010denju in pomnjenju.<\/p>\n<p>&nbsp;<\/p>\n<p style=\"padding-left: 40px;\"><em>&#8220;Nuca. La\u017eje se spravim k u\u010denju. Hvala.&#8221;<\/em><\/p>\n<p style=\"padding-left: 40px;\">Bralka Tja\u0161a B.<\/p>\n<p>&nbsp;<\/p>\n<p>Knji\u017eica\u00a0<strong>Kako se u\u010diti\u00a0<\/strong>je namenjena vsem, ki \u017eelite spoznati ve\u0161\u010dino u\u010denja u\u010denja.<br \/>\nPodrobneje predstavlja teme, ki jih predavam tudi na spletnih treningih <strong>Kako se u\u010diti?<\/strong><\/p>\n<p>Te so:<\/p>\n<ul>\n<li>O u\u010denju in u\u010denju u\u010denja<\/li>\n<li>Kaj na\u0161i mo\u017egani potrebujejo za u\u010denje?<\/li>\n<li>Odla\u0161anje in tehnike premagovanja odla\u0161anja<\/li>\n<li>Fokusirani in difuzni na\u010din razmi\u0161ljanja<\/li>\n<li>Ideje, kako bolj u\u010dinkovito \u0161tudirati in delati<\/li>\n<\/ul>\n<p>Ima 40 strani in je formata A5. Primerna je za u\u010dence tretje triade, \u0161tudente in vse, ki se radi u\u010dite.<\/p>\n<p>Cena knji\u017eice s popustom je samo <strong>5,00 \u20ac<\/strong> z DDV + stro\u0161ki po\u0161iljanja<\/p>\n<p>Knji\u017eica ima tudi nadaljevanje, ki je prav tako dostopno v na\u0161i trgovini. Kliknite za knji\u017eico <a href=\"https:\/\/www.agencija-lars.si\/trgovina\/izdelek\/kako-se-uciti-2\/\">Kako se u\u010diti 2<\/a>.<\/p>\n<p>Z nakupom se strinjate, da postanete prejemniki e-novic z Igri\u0161\u010da ter tako dobite dostop do novih uporabnih znanj za va\u0161e vsakdanje \u017eivljenje.<\/p>\n<p>Knji\u017eica sodi v sklop TOBOGAN na Igri\u0161\u010du.<br \/>\nJe prva od serije knji\u017eic, ki bodo izdane v prihodnjih letih.<\/p>\n<p><em>Z nakupom knji\u017eice podprete pripravo novih koristnih predavanj, spletnih te\u010dajev, treningov in knji\u017eic za radovedne ljudi.<\/em><\/p>\n<p><strong>Akcijska cena 5 \u20ac z ddv velja od 20. septembra do 31. decembra.<\/strong><\/p>\n","protected":false},"excerpt":{"rendered":"<p>Znanja na svetu je vsako leto za enkrat ve\u010d. Skrajni \u010das je, da se nau\u010dimo u\u010diti. K sre\u010di \u017ee poznamo u\u010dinkovite tehnike, ki nam lahko pri tem pomagajo.<\/p>\n<p>Knji\u017eica\u00a0Kako se u\u010diti\u00a0je namenjena vsem, ki \u017eelite spoznati ve\u0161\u010dino u\u010denja u\u010denja.<\/p>\n<p>Gre za knji\u017eico, v kateri spoznate razliko med u\u010denjem in u\u010denjem u\u010denja ter kaj vse va\u0161i mo\u017egani potrebujejo za u\u010denje.<br \/>\nPonudi tudi koristne tehnike, kako premagati odla\u0161anje in \u0161e nekaj idej, kako se bolj u\u010dinkovito lotiti u\u010denja in dela.<\/p>\n","protected":false},"featured_media":8370,"template":"","meta":[],"product_brand":[],"product_cat":[87],"product_tag":[],"class_list":{"0":"post-7597","1":"product","2":"type-product","3":"status-publish","4":"has-post-thumbnail","6":"product_cat-igrisce","8":"first","9":"instock","10":"sale","11":"taxable","12":"shipping-taxable","13":"purchasable","14":"product-type-simple"},"yoast_head":"<!-- This site is optimized with the Yoast SEO plugin v26.1.1 - https:\/\/yoast.com\/wordpress\/plugins\/seo\/ -->\n<title>Kako se u\u010diti | Agencija LARS<\/title>\n<meta name=\"description\" content=\"Knji\u017eica\u00a0Kako se u\u010diti\u00a0je namenjena vsem radovedne\u017eem, ki \u017eelite spoznati ve\u0161\u010dino u\u010denja u\u010denja. Knji\u017eica sodi v sklop TOBOGAN v Igri\u0161\u010du.\" \/>\n<meta name=\"robots\" content=\"index, follow, max-snippet:-1, max-image-preview:large, max-video-preview:-1\" \/>\n<link rel=\"canonical\" href=\"https:\/\/www.agencija-lars.si\/trgovina\/izdelek\/kako-se-uciti\/\" \/>\n<meta property=\"og:locale\" content=\"sl_SI\" \/>\n<meta property=\"og:type\" content=\"article\" \/>\n<meta property=\"og:title\" content=\"Kako se u\u010diti | Agencija LARS\" \/>\n<meta property=\"og:description\" content=\"Knji\u017eica\u00a0Kako se u\u010diti\u00a0je namenjena vsem radovedne\u017eem, ki \u017eelite spoznati ve\u0161\u010dino u\u010denja u\u010denja. Knji\u017eica sodi v sklop TOBOGAN v Igri\u0161\u010du.\" \/>\n<meta property=\"og:url\" content=\"https:\/\/www.agencija-lars.si\/trgovina\/izdelek\/kako-se-uciti\/\" \/>\n<meta property=\"og:site_name\" content=\"Agencija LARS\" \/>\n<meta property=\"article:modified_time\" content=\"2023-11-09T09:36:57+00:00\" \/>\n<meta property=\"og:image\" content=\"https:\/\/www.agencija-lars.si\/trgovina\/wp-content\/uploads\/2021\/11\/kakoseuciticip-1.png\" \/>\n\t<meta property=\"og:image:width\" content=\"1024\" \/>\n\t<meta property=\"og:image:height\" content=\"1024\" \/>\n\t<meta property=\"og:image:type\" content=\"image\/png\" \/>\n<meta name=\"twitter:card\" content=\"summary_large_image\" \/>\n<meta name=\"twitter:label1\" content=\"Est. reading time\" \/>\n\t<meta name=\"twitter:data1\" content=\"2 minuti\" \/>\n<script type=\"application\/ld+json\" class=\"yoast-schema-graph\">{\"@context\":\"https:\/\/schema.org\",\"@graph\":[{\"@type\":\"WebPage\",\"@id\":\"https:\/\/www.agencija-lars.si\/trgovina\/izdelek\/kako-se-uciti\/\",\"url\":\"https:\/\/www.agencija-lars.si\/trgovina\/izdelek\/kako-se-uciti\/\",\"name\":\"Kako se u\u010diti | Agencija LARS\",\"isPartOf\":{\"@id\":\"https:\/\/www.agencija-lars.si\/trgovina\/#website\"},\"primaryImageOfPage\":{\"@id\":\"https:\/\/www.agencija-lars.si\/trgovina\/izdelek\/kako-se-uciti\/#primaryimage\"},\"image\":{\"@id\":\"https:\/\/www.agencija-lars.si\/trgovina\/izdelek\/kako-se-uciti\/#primaryimage\"},\"thumbnailUrl\":\"https:\/\/www.agencija-lars.si\/trgovina\/wp-content\/uploads\/2021\/11\/kakoseuciticip-1.png\",\"datePublished\":\"2021-11-06T13:11:24+00:00\",\"dateModified\":\"2023-11-09T09:36:57+00:00\",\"description\":\"Knji\u017eica\u00a0Kako se u\u010diti\u00a0je namenjena vsem radovedne\u017eem, ki \u017eelite spoznati ve\u0161\u010dino u\u010denja u\u010denja. Knji\u017eica sodi v sklop TOBOGAN v Igri\u0161\u010du.\",\"breadcrumb\":{\"@id\":\"https:\/\/www.agencija-lars.si\/trgovina\/izdelek\/kako-se-uciti\/#breadcrumb\"},\"inLanguage\":\"sl-SI\",\"potentialAction\":[{\"@type\":\"ReadAction\",\"target\":[\"https:\/\/www.agencija-lars.si\/trgovina\/izdelek\/kako-se-uciti\/\"]}]},{\"@type\":\"ImageObject\",\"inLanguage\":\"sl-SI\",\"@id\":\"https:\/\/www.agencija-lars.si\/trgovina\/izdelek\/kako-se-uciti\/#primaryimage\",\"url\":\"https:\/\/www.agencija-lars.si\/trgovina\/wp-content\/uploads\/2021\/11\/kakoseuciticip-1.png\",\"contentUrl\":\"https:\/\/www.agencija-lars.si\/trgovina\/wp-content\/uploads\/2021\/11\/kakoseuciticip-1.png\",\"width\":1024,\"height\":1024,\"caption\":\"kako se uciti\"},{\"@type\":\"BreadcrumbList\",\"@id\":\"https:\/\/www.agencija-lars.si\/trgovina\/izdelek\/kako-se-uciti\/#breadcrumb\",\"itemListElement\":[{\"@type\":\"ListItem\",\"position\":1,\"name\":\"Domov\",\"item\":\"https:\/\/www.agencija-lars.si\/trgovina\/\"},{\"@type\":\"ListItem\",\"position\":2,\"name\":\"Trgovina\",\"item\":\"https:\/\/www.agencija-lars.si\/trgovina\/\"},{\"@type\":\"ListItem\",\"position\":3,\"name\":\"Kako se u\u010diti\"}]},{\"@type\":\"WebSite\",\"@id\":\"https:\/\/www.agencija-lars.si\/trgovina\/#website\",\"url\":\"https:\/\/www.agencija-lars.si\/trgovina\/\",\"name\":\"Agencija LARS\",\"description\":\"\",\"publisher\":{\"@id\":\"https:\/\/www.agencija-lars.si\/trgovina\/#organization\"},\"potentialAction\":[{\"@type\":\"SearchAction\",\"target\":{\"@type\":\"EntryPoint\",\"urlTemplate\":\"https:\/\/www.agencija-lars.si\/trgovina\/?s={search_term_string}\"},\"query-input\":{\"@type\":\"PropertyValueSpecification\",\"valueRequired\":true,\"valueName\":\"search_term_string\"}}],\"inLanguage\":\"sl-SI\"},{\"@type\":\"Organization\",\"@id\":\"https:\/\/www.agencija-lars.si\/trgovina\/#organization\",\"name\":\"Agencija LARS\",\"url\":\"https:\/\/www.agencija-lars.si\/trgovina\/\",\"logo\":{\"@type\":\"ImageObject\",\"inLanguage\":\"sl-SI\",\"@id\":\"https:\/\/www.agencija-lars.si\/trgovina\/#\/schema\/logo\/image\/\",\"url\":\"https:\/\/www.agencija-lars.si\/trgovina\/wp-content\/uploads\/2021\/11\/logoagencija2021.jpg\",\"contentUrl\":\"https:\/\/www.agencija-lars.si\/trgovina\/wp-content\/uploads\/2021\/11\/logoagencija2021.jpg\",\"width\":430,\"height\":117,\"caption\":\"Agencija LARS\"},\"image\":{\"@id\":\"https:\/\/www.agencija-lars.si\/trgovina\/#\/schema\/logo\/image\/\"}}]}<\/script>\n<!-- \/ Yoast SEO plugin. -->","yoast_head_json":{"title":"Kako se u\u010diti | Agencija LARS","description":"Knji\u017eica\u00a0Kako se u\u010diti\u00a0je namenjena vsem radovedne\u017eem, ki \u017eelite spoznati ve\u0161\u010dino u\u010denja u\u010denja. Knji\u017eica sodi v sklop TOBOGAN v Igri\u0161\u010du.","robots":{"index":"index","follow":"follow","max-snippet":"max-snippet:-1","max-image-preview":"max-image-preview:large","max-video-preview":"max-video-preview:-1"},"canonical":"https:\/\/www.agencija-lars.si\/trgovina\/izdelek\/kako-se-uciti\/","og_locale":"sl_SI","og_type":"article","og_title":"Kako se u\u010diti | Agencija LARS","og_description":"Knji\u017eica\u00a0Kako se u\u010diti\u00a0je namenjena vsem radovedne\u017eem, ki \u017eelite spoznati ve\u0161\u010dino u\u010denja u\u010denja. Knji\u017eica sodi v sklop TOBOGAN v Igri\u0161\u010du.","og_url":"https:\/\/www.agencija-lars.si\/trgovina\/izdelek\/kako-se-uciti\/","og_site_name":"Agencija LARS","article_modified_time":"2023-11-09T09:36:57+00:00","og_image":[{"width":1024,"height":1024,"url":"https:\/\/www.agencija-lars.si\/trgovina\/wp-content\/uploads\/2021\/11\/kakoseuciticip-1.png","type":"image\/png"}],"twitter_card":"summary_large_image","twitter_misc":{"Est. reading time":"2 minuti"},"schema":{"@context":"https:\/\/schema.org","@graph":[{"@type":"WebPage","@id":"https:\/\/www.agencija-lars.si\/trgovina\/izdelek\/kako-se-uciti\/","url":"https:\/\/www.agencija-lars.si\/trgovina\/izdelek\/kako-se-uciti\/","name":"Kako se u\u010diti | Agencija LARS","isPartOf":{"@id":"https:\/\/www.agencija-lars.si\/trgovina\/#website"},"primaryImageOfPage":{"@id":"https:\/\/www.agencija-lars.si\/trgovina\/izdelek\/kako-se-uciti\/#primaryimage"},"image":{"@id":"https:\/\/www.agencija-lars.si\/trgovina\/izdelek\/kako-se-uciti\/#primaryimage"},"thumbnailUrl":"https:\/\/www.agencija-lars.si\/trgovina\/wp-content\/uploads\/2021\/11\/kakoseuciticip-1.png","datePublished":"2021-11-06T13:11:24+00:00","dateModified":"2023-11-09T09:36:57+00:00","description":"Knji\u017eica\u00a0Kako se u\u010diti\u00a0je namenjena vsem radovedne\u017eem, ki \u017eelite spoznati ve\u0161\u010dino u\u010denja u\u010denja. Knji\u017eica sodi v sklop TOBOGAN v Igri\u0161\u010du.","breadcrumb":{"@id":"https:\/\/www.agencija-lars.si\/trgovina\/izdelek\/kako-se-uciti\/#breadcrumb"},"inLanguage":"sl-SI","potentialAction":[{"@type":"ReadAction","target":["https:\/\/www.agencija-lars.si\/trgovina\/izdelek\/kako-se-uciti\/"]}]},{"@type":"ImageObject","inLanguage":"sl-SI","@id":"https:\/\/www.agencija-lars.si\/trgovina\/izdelek\/kako-se-uciti\/#primaryimage","url":"https:\/\/www.agencija-lars.si\/trgovina\/wp-content\/uploads\/2021\/11\/kakoseuciticip-1.png","contentUrl":"https:\/\/www.agencija-lars.si\/trgovina\/wp-content\/uploads\/2021\/11\/kakoseuciticip-1.png","width":1024,"height":1024,"caption":"kako se uciti"},{"@type":"BreadcrumbList","@id":"https:\/\/www.agencija-lars.si\/trgovina\/izdelek\/kako-se-uciti\/#breadcrumb","itemListElement":[{"@type":"ListItem","position":1,"name":"Domov","item":"https:\/\/www.agencija-lars.si\/trgovina\/"},{"@type":"ListItem","position":2,"name":"Trgovina","item":"https:\/\/www.agencija-lars.si\/trgovina\/"},{"@type":"ListItem","position":3,"name":"Kako se u\u010diti"}]},{"@type":"WebSite","@id":"https:\/\/www.agencija-lars.si\/trgovina\/#website","url":"https:\/\/www.agencija-lars.si\/trgovina\/","name":"Agencija LARS","description":"","publisher":{"@id":"https:\/\/www.agencija-lars.si\/trgovina\/#organization"},"potentialAction":[{"@type":"SearchAction","target":{"@type":"EntryPoint","urlTemplate":"https:\/\/www.agencija-lars.si\/trgovina\/?s={search_term_string}"},"query-input":{"@type":"PropertyValueSpecification","valueRequired":true,"valueName":"search_term_string"}}],"inLanguage":"sl-SI"},{"@type":"Organization","@id":"https:\/\/www.agencija-lars.si\/trgovina\/#organization","name":"Agencija LARS","url":"https:\/\/www.agencija-lars.si\/trgovina\/","logo":{"@type":"ImageObject","inLanguage":"sl-SI","@id":"https:\/\/www.agencija-lars.si\/trgovina\/#\/schema\/logo\/image\/","url":"https:\/\/www.agencija-lars.si\/trgovina\/wp-content\/uploads\/2021\/11\/logoagencija2021.jpg","contentUrl":"https:\/\/www.agencija-lars.si\/trgovina\/wp-content\/uploads\/2021\/11\/logoagencija2021.jpg","width":430,"height":117,"caption":"Agencija LARS"},"image":{"@id":"https:\/\/www.agencija-lars.si\/trgovina\/#\/schema\/logo\/image\/"}}]}},"jetpack_sharing_enabled":true,"_links":{"self":[{"href":"https:\/\/www.agencija-lars.si\/trgovina\/wp-json\/wp\/v2\/product\/7597","targetHints":{"allow":["GET"]}}],"collection":[{"href":"https:\/\/www.agencija-lars.si\/trgovina\/wp-json\/wp\/v2\/product"}],"about":[{"href":"https:\/\/www.agencija-lars.si\/trgovina\/wp-json\/wp\/v2\/types\/product"}],"wp:featuredmedia":[{"embeddable":true,"href":"https:\/\/www.agencija-lars.si\/trgovina\/wp-json\/wp\/v2\/media\/8370"}],"wp:attachment":[{"href":"https:\/\/www.agencija-lars.si\/trgovina\/wp-json\/wp\/v2\/media?parent=7597"}],"wp:term":[{"taxonomy":"product_brand","embeddable":true,"href":"https:\/\/www.agencija-lars.si\/trgovina\/wp-json\/wp\/v2\/product_brand?post=7597"},{"taxonomy":"product_cat","embeddable":true,"href":"https:\/\/www.agencija-lars.si\/trgovina\/wp-json\/wp\/v2\/product_cat?post=7597"},{"taxonomy":"product_tag","embeddable":true,"href":"https:\/\/www.agencija-lars.si\/trgovina\/wp-json\/wp\/v2\/product_tag?post=7597"}],"curies":[{"name":"wp","href":"https:\/\/api.w.org\/{rel}","templated":true}]}}