{"id":7630,"date":"2021-11-07T07:53:28","date_gmt":"2021-11-07T06:53:28","guid":{"rendered":"https:\/\/www.agencija-lars.si\/trgovina\/?page_id=7630"},"modified":"2021-11-07T10:51:26","modified_gmt":"2021-11-07T09:51:26","slug":"pravno-obvestilo","status":"publish","type":"page","link":"https:\/\/www.agencija-lars.si\/trgovina\/pravno-obvestilo\/","title":{"rendered":"Pravno obvestilo"},"content":{"rendered":"<p>[vc_row][vc_column][vc_empty_space height=&#8221;40px&#8221; woodmart_hide_large=&#8221;0&#8243; woodmart_hide_medium=&#8221;0&#8243; woodmart_hide_small=&#8221;0&#8243; woodmart_hide_extra_small=&#8221;0&#8243;][\/vc_column][\/vc_row][vc_row][vc_column][vc_column_text]<\/p>\n<h1>Pravno obvestilo<\/h1>\n<p>Ta spletna stran vsebuje splo\u0161ne informacije o u\u010denju u\u010denja in raziskavah na tem podro\u010dju. Nima namena nuditi pravnih ali kakr\u0161nih koli drugih strokovnih nasvetov. Izklju\u010dujemo kakr\u0161nokoli pravno ali drugo odgovornost za vsebino spletnih strani, do katerih lahko dostopate s povezavami, prikazanimi na tej spletni strani, in tistih, ki zagotavljajo povezave na to spletno stran.<\/p>\n<p>Na podlagi Zakona o avtorski in sorodnih pravicah (ZASP) je Agencija LARS nosilec materialnih avtorskih pravic nad vsebinami v naj\u0161ir\u0161em pomenu objavljenimi na spletnem mestu www.brihta.rocks (besedila, fotografije, skice, zemljevidi in na\u010drti, avdio-video posnetki, ra\u010dunalni\u0161ki programi), razen v primerih, ko navajamo drugega avtorja.<\/p>\n<p>To pomeni, da je brez pisnega dovoljenja Agencije LARS prepovedano vsakr\u0161no kopiranje, prepisovanje, razmno\u017eevanje in raz\u0161irjanje v komercialne namene.<\/p>\n<h2>Varstvo osebnih podatkov<\/h2>\n<p>Agencija LARS zagotavlja, da v skladu z Zakonom o varstvu osebnih podatkov (ZVOP) po svojih najbolj\u0161ih mo\u010deh varuje osebne podatke uporabnikov teh spletnih strani.<br \/>\nTo pomeni, da zavod zbira osebne podatke, samo kadar jih uporabnik posreduje prostovoljno prek prijavnega obrazca na spletni strani, na podstrani aktualnih webinarjev, z vstopom v spletno trgovino ali na brezpla\u010dni webinar, s katero dovoljuje zbiranje, hranjenje in obdelavo osebnih podatkov. Agencija LARS se obvezuje, da bo zbrane podatke hranila in uporabljala samo toliko \u010dasa, kot bo potrebno za dosego namena, zaradi katerega so bili zbrani.<br \/>\nPodjetje osebnih podatkov uporabnikov ne bo posredovalo nobeni drugi, fizi\u010dni ali pravni, osebi. V primeru sodelovanja z drugimi podjetji bo Agencija LARS uporabnike o tem predhodno obvestila, \u010de se izka\u017ee, da je uporaba podatkov neobhodna za izvedbo njihove storitve. Ta podjetja so obvezana, da dostopa do podatkov ne bodo zlorabila in jih bodo uporabljala izklju\u010dno za izvr\u0161evanje svojega dela.<\/p>\n<h2>Spo\u0161tovanje dolo\u010db<\/h2>\n<p>Agencija LARS in avtorji vsebin, objavljenih na spletnih straneh, od uporabnika pri\u010dakujejo, da bo spo\u0161toval zapisane dolo\u010dbe in zakone s podro\u010dja varovanja zasebnosti, prava intelektualne lastnine ter avtorskega prava.\u00a0V nasprotnem primeru bodo ob odkritju zlorabe in kr\u0161enja zakonov proti storilcu prisiljeni ukrepati.<\/p>\n<h2>Odgovornost Agencije LARS<\/h2>\n<p>Agencija LARS se obvezuje, da bo v dobri veri in v okviru svojih zmo\u017enosti skrbela za pravilnost in a\u017eurnost objavljenih vsebin na spletnih straneh, s tem pa ne izklju\u010duje mo\u017enosti za pojav morebitnih napak med objavljenimi vsebinami. Informacije posredovane prek tega spletnega mesta so tako zgolj informativne narave, saj zasebni zavod ne more prevzeti odgovornosti za njihovo absolutno to\u010dnost in s tem za morebitno \u0161kodo, ki bi lahko uporabniku nastala zaradi uporabe spletnega mesta www.brihta.rocks ali nezmo\u017enosti oz. motenega delovanja uporabe le-tega.<\/p>\n<h2>Povezave<\/h2>\n<p>Narava svetovnega spleta in spletnega mesta www.brihta.rocks onemogo\u010da nadzor nad vsebinami, do katerih vodijo povezave (linki) s tega spletnega portala. Zaradi tega Agencija LARS ne prevzema nikakr\u0161ne odgovornosti za vsebine, ki so uporabniku dostopne prek teh povezav.[\/vc_column_text][\/vc_column][\/vc_row]<\/p>\n","protected":false},"excerpt":{"rendered":"<p>[vc_row][vc_column][vc_empty_space height=&#8221;40px&#8221; woodmart_hide_large=&#8221;0&#8243; woodmart_hide_medium=&#8221;0&#8243; woodmart_hide_small=&#8221;0&#8243; woodmart_hide_extra_small=&#8221;0&#8243;][\/vc_column][\/vc_row][vc_row][vc_column][vc_column_text] Pravno obvestilo Ta spletna stran vsebuje splo\u0161ne informacije o u\u010denju u\u010denja in raziskavah na<\/p>\n","protected":false},"author":1,"featured_media":0,"parent":0,"menu_order":4,"comment_status":"closed","ping_status":"closed","template":"","meta":{"footnotes":""},"class_list":["post-7630","page","type-page","status-publish","hentry"],"yoast_head":"<!-- This site is optimized with the Yoast SEO plugin v26.1.1 - https:\/\/yoast.com\/wordpress\/plugins\/seo\/ -->\n<title>Pravno obvestilo | Agencija LARS<\/title>\n<meta name=\"robots\" content=\"index, follow, max-snippet:-1, max-image-preview:large, max-video-preview:-1\" \/>\n<link rel=\"canonical\" href=\"https:\/\/www.agencija-lars.si\/trgovina\/pravno-obvestilo\/\" \/>\n<meta property=\"og:locale\" content=\"sl_SI\" \/>\n<meta property=\"og:type\" content=\"article\" \/>\n<meta property=\"og:title\" content=\"Pravno obvestilo | Agencija LARS\" \/>\n<meta property=\"og:description\" content=\"[vc_row][vc_column][vc_empty_space height=&#8221;40px&#8221; woodmart_hide_large=&#8221;0&#8243; woodmart_hide_medium=&#8221;0&#8243; woodmart_hide_small=&#8221;0&#8243; woodmart_hide_extra_small=&#8221;0&#8243;][\/vc_column][\/vc_row][vc_row][vc_column][vc_column_text] Pravno obvestilo Ta spletna stran vsebuje splo\u0161ne informacije o u\u010denju u\u010denja in raziskavah na\" \/>\n<meta property=\"og:url\" content=\"https:\/\/www.agencija-lars.si\/trgovina\/pravno-obvestilo\/\" \/>\n<meta property=\"og:site_name\" content=\"Agencija LARS\" \/>\n<meta property=\"article:modified_time\" content=\"2021-11-07T09:51:26+00:00\" \/>\n<meta name=\"twitter:card\" content=\"summary_large_image\" \/>\n<meta name=\"twitter:label1\" content=\"Est. reading time\" \/>\n\t<meta name=\"twitter:data1\" content=\"2 minuti\" \/>\n<script type=\"application\/ld+json\" class=\"yoast-schema-graph\">{\"@context\":\"https:\/\/schema.org\",\"@graph\":[{\"@type\":\"WebPage\",\"@id\":\"https:\/\/www.agencija-lars.si\/trgovina\/pravno-obvestilo\/\",\"url\":\"https:\/\/www.agencija-lars.si\/trgovina\/pravno-obvestilo\/\",\"name\":\"Pravno obvestilo | Agencija LARS\",\"isPartOf\":{\"@id\":\"https:\/\/www.agencija-lars.si\/trgovina\/#website\"},\"datePublished\":\"2021-11-07T06:53:28+00:00\",\"dateModified\":\"2021-11-07T09:51:26+00:00\",\"breadcrumb\":{\"@id\":\"https:\/\/www.agencija-lars.si\/trgovina\/pravno-obvestilo\/#breadcrumb\"},\"inLanguage\":\"sl-SI\",\"potentialAction\":[{\"@type\":\"ReadAction\",\"target\":[\"https:\/\/www.agencija-lars.si\/trgovina\/pravno-obvestilo\/\"]}]},{\"@type\":\"BreadcrumbList\",\"@id\":\"https:\/\/www.agencija-lars.si\/trgovina\/pravno-obvestilo\/#breadcrumb\",\"itemListElement\":[{\"@type\":\"ListItem\",\"position\":1,\"name\":\"Domov\",\"item\":\"https:\/\/www.agencija-lars.si\/trgovina\/\"},{\"@type\":\"ListItem\",\"position\":2,\"name\":\"Pravno obvestilo\"}]},{\"@type\":\"WebSite\",\"@id\":\"https:\/\/www.agencija-lars.si\/trgovina\/#website\",\"url\":\"https:\/\/www.agencija-lars.si\/trgovina\/\",\"name\":\"Agencija LARS\",\"description\":\"\",\"publisher\":{\"@id\":\"https:\/\/www.agencija-lars.si\/trgovina\/#organization\"},\"potentialAction\":[{\"@type\":\"SearchAction\",\"target\":{\"@type\":\"EntryPoint\",\"urlTemplate\":\"https:\/\/www.agencija-lars.si\/trgovina\/?s={search_term_string}\"},\"query-input\":{\"@type\":\"PropertyValueSpecification\",\"valueRequired\":true,\"valueName\":\"search_term_string\"}}],\"inLanguage\":\"sl-SI\"},{\"@type\":\"Organization\",\"@id\":\"https:\/\/www.agencija-lars.si\/trgovina\/#organization\",\"name\":\"Agencija LARS\",\"url\":\"https:\/\/www.agencija-lars.si\/trgovina\/\",\"logo\":{\"@type\":\"ImageObject\",\"inLanguage\":\"sl-SI\",\"@id\":\"https:\/\/www.agencija-lars.si\/trgovina\/#\/schema\/logo\/image\/\",\"url\":\"https:\/\/www.agencija-lars.si\/trgovina\/wp-content\/uploads\/2021\/11\/logoagencija2021.jpg\",\"contentUrl\":\"https:\/\/www.agencija-lars.si\/trgovina\/wp-content\/uploads\/2021\/11\/logoagencija2021.jpg\",\"width\":430,\"height\":117,\"caption\":\"Agencija LARS\"},\"image\":{\"@id\":\"https:\/\/www.agencija-lars.si\/trgovina\/#\/schema\/logo\/image\/\"}}]}<\/script>\n<!-- \/ Yoast SEO plugin. -->","yoast_head_json":{"title":"Pravno obvestilo | Agencija LARS","robots":{"index":"index","follow":"follow","max-snippet":"max-snippet:-1","max-image-preview":"max-image-preview:large","max-video-preview":"max-video-preview:-1"},"canonical":"https:\/\/www.agencija-lars.si\/trgovina\/pravno-obvestilo\/","og_locale":"sl_SI","og_type":"article","og_title":"Pravno obvestilo | Agencija LARS","og_description":"[vc_row][vc_column][vc_empty_space height=&#8221;40px&#8221; woodmart_hide_large=&#8221;0&#8243; woodmart_hide_medium=&#8221;0&#8243; woodmart_hide_small=&#8221;0&#8243; woodmart_hide_extra_small=&#8221;0&#8243;][\/vc_column][\/vc_row][vc_row][vc_column][vc_column_text] Pravno obvestilo Ta spletna stran vsebuje splo\u0161ne informacije o u\u010denju u\u010denja in raziskavah na","og_url":"https:\/\/www.agencija-lars.si\/trgovina\/pravno-obvestilo\/","og_site_name":"Agencija LARS","article_modified_time":"2021-11-07T09:51:26+00:00","twitter_card":"summary_large_image","twitter_misc":{"Est. reading time":"2 minuti"},"schema":{"@context":"https:\/\/schema.org","@graph":[{"@type":"WebPage","@id":"https:\/\/www.agencija-lars.si\/trgovina\/pravno-obvestilo\/","url":"https:\/\/www.agencija-lars.si\/trgovina\/pravno-obvestilo\/","name":"Pravno obvestilo | Agencija LARS","isPartOf":{"@id":"https:\/\/www.agencija-lars.si\/trgovina\/#website"},"datePublished":"2021-11-07T06:53:28+00:00","dateModified":"2021-11-07T09:51:26+00:00","breadcrumb":{"@id":"https:\/\/www.agencija-lars.si\/trgovina\/pravno-obvestilo\/#breadcrumb"},"inLanguage":"sl-SI","potentialAction":[{"@type":"ReadAction","target":["https:\/\/www.agencija-lars.si\/trgovina\/pravno-obvestilo\/"]}]},{"@type":"BreadcrumbList","@id":"https:\/\/www.agencija-lars.si\/trgovina\/pravno-obvestilo\/#breadcrumb","itemListElement":[{"@type":"ListItem","position":1,"name":"Domov","item":"https:\/\/www.agencija-lars.si\/trgovina\/"},{"@type":"ListItem","position":2,"name":"Pravno obvestilo"}]},{"@type":"WebSite","@id":"https:\/\/www.agencija-lars.si\/trgovina\/#website","url":"https:\/\/www.agencija-lars.si\/trgovina\/","name":"Agencija LARS","description":"","publisher":{"@id":"https:\/\/www.agencija-lars.si\/trgovina\/#organization"},"potentialAction":[{"@type":"SearchAction","target":{"@type":"EntryPoint","urlTemplate":"https:\/\/www.agencija-lars.si\/trgovina\/?s={search_term_string}"},"query-input":{"@type":"PropertyValueSpecification","valueRequired":true,"valueName":"search_term_string"}}],"inLanguage":"sl-SI"},{"@type":"Organization","@id":"https:\/\/www.agencija-lars.si\/trgovina\/#organization","name":"Agencija LARS","url":"https:\/\/www.agencija-lars.si\/trgovina\/","logo":{"@type":"ImageObject","inLanguage":"sl-SI","@id":"https:\/\/www.agencija-lars.si\/trgovina\/#\/schema\/logo\/image\/","url":"https:\/\/www.agencija-lars.si\/trgovina\/wp-content\/uploads\/2021\/11\/logoagencija2021.jpg","contentUrl":"https:\/\/www.agencija-lars.si\/trgovina\/wp-content\/uploads\/2021\/11\/logoagencija2021.jpg","width":430,"height":117,"caption":"Agencija LARS"},"image":{"@id":"https:\/\/www.agencija-lars.si\/trgovina\/#\/schema\/logo\/image\/"}}]}},"jetpack_sharing_enabled":true,"_links":{"self":[{"href":"https:\/\/www.agencija-lars.si\/trgovina\/wp-json\/wp\/v2\/pages\/7630","targetHints":{"allow":["GET"]}}],"collection":[{"href":"https:\/\/www.agencija-lars.si\/trgovina\/wp-json\/wp\/v2\/pages"}],"about":[{"href":"https:\/\/www.agencija-lars.si\/trgovina\/wp-json\/wp\/v2\/types\/page"}],"author":[{"embeddable":true,"href":"https:\/\/www.agencija-lars.si\/trgovina\/wp-json\/wp\/v2\/users\/1"}],"replies":[{"embeddable":true,"href":"https:\/\/www.agencija-lars.si\/trgovina\/wp-json\/wp\/v2\/comments?post=7630"}],"version-history":[{"count":2,"href":"https:\/\/www.agencija-lars.si\/trgovina\/wp-json\/wp\/v2\/pages\/7630\/revisions"}],"predecessor-version":[{"id":7653,"href":"https:\/\/www.agencija-lars.si\/trgovina\/wp-json\/wp\/v2\/pages\/7630\/revisions\/7653"}],"wp:attachment":[{"href":"https:\/\/www.agencija-lars.si\/trgovina\/wp-json\/wp\/v2\/media?parent=7630"}],"curies":[{"name":"wp","href":"https:\/\/api.w.org\/{rel}","templated":true}]}}